{"id":1102,"date":"2023-03-05T16:47:15","date_gmt":"2023-03-05T16:47:15","guid":{"rendered":"https:\/\/jungichanteurs.ch\/?page_id=1102"},"modified":"2024-06-10T15:14:37","modified_gmt":"2024-06-10T15:14:37","slug":"palmsonntagskonzert-2023johannes-brahmsein-deutsches-requiem","status":"publish","type":"page","link":"https:\/\/jungichanteurs.ch\/index.php\/palmsonntagskonzert-2023johannes-brahmsein-deutsches-requiem\/","title":{"rendered":"2022\/2023 &#8211; Palmsonntagskonzert: Johannes Brahms Ein Deutsches Requiem\u00a0"},"content":{"rendered":"\n<figure class=\"wp-block-image is-resized\"><img loading=\"lazy\" decoding=\"async\" src=\"https:\/\/www.kogeo.ch\/wp-content\/uploads\/2023\/03\/KGO-PALMSONNTAGSKONZERT-2023-FLYER-WEB-265x376.jpg\" alt=\"Konzertgesellschaft Oberwallis\" width=\"343\" height=\"486\"\/><\/figure>\n\n\n\n<p>Leitung: Yannick Zenh\u00e4usern, Paul Locher, Noah Ambord<\/p>\n\n\n\n<p>Ein Deutsches Requiem von Johannes Brahms, welches eine l\u00e4ngere Geschichte mit sich bringt: 2019 begannen wir mit der Planung des Projektes, welches ebenfalls j\u00e4h von der Pandemie unterbunden wurde. Das ambitionierte Projekt fand dann 2022 wieder in die Spur und konnte gem\u00e4ss urspr\u00fcnglicher Planung angesetzt werden: Die Kooperation mit der Konzertgesellschaft Oberwallis war nach wie vor intakt. Am Palmsonntag 2023 sollten dann die \u201eLeidtragenden\u201c endlich mit den Kl\u00e4ngen von Brahms unterhalten werden.<\/p>\n\n\n\n<p><br>Dem ganzen Konzert ging wie gewohnt eine grosse Organisation voraus: Irina Ruedi k\u00fcmmerte sich wieder (obschon sie eigentlich nicht mehr wirklich im Vorstand war) um unsere Logements. Dieses Mal hatte sie zu Beginn deutlich mehr Arbeit: Ganze drei Probeweekends mussten mit einem Lagerhaus versehen werden. Wie gewohnt meisterte sie ihre Aufgabe mit Bravour und wir durften die drei Wochenenden an folgenden Standorten verbringen: Visperterminen, Fieschertal und in Beatenberg. Der neue, letztgenannte Probenort, wenn auch etwas \u201eab von Schuss\u201c, pr\u00e4sentierte sich als sehr gem\u00fctlich. <\/p>\n\n\n\n<p>Die Proben an und f\u00fcr sich, waren etwas schlechter besucht als gewohnt. M\u00f6glicherweise lag das an der nicht unerheblich komplexeren Literatur, welche unser Dirigent als \u201edas geht schon\u201c abtat. Aufgrund des Schwierigkeitsgrades waren die Proben intensiver als sonst und dem Chor wurde so einiges abverlangt. An den Freitagabenden waren wir regelm\u00e4ssig schon mal m\u00fcde. Ganz zu schweigen von den wirklich langen Samstagen. Die Resultate waren trotz M\u00fcdigkeit enorm: Ein Brahms Requiem innert 6 Tagen mit ca. 25 Leuten einzustudieren, das kann nicht jeder. <\/p>\n\n\n\n<p>Nun war es an der Zeit, die Puzzleteile zusammenzusetzen. Denn w\u00e4hrend unseren Proben, \u00fcbte parallel aber separat die Konzertgesellschaft. An einem Probetag setzen wir grob alles zusammen. An drei weiteren Freitagabenden und einem Haupt- sowie  Generalprobesamstag gab das Orchester die n\u00f6tigen Farben den letzten Schliff dazu. Der Konzerttag war da. <\/p>\n\n\n\n<p>Mit grosser Aufregung betraten wir eine rappelvoll gef\u00fcllte Kirche. Kein Platz war mehr \u00fcbrig und wir gaben das \u201eDeutsche Requiem\u201c zu unserem Besten. Hie und da ein heikler Moment, ein hochkonzentrierter Chor, bestehend aus \u00fcber 75 Leuten, zwei ausserordentliche und musikalisch ber\u00fchrende Solisten (Ralf Ernst und Jaqueline Forster) ein Konzertmeister und ein Dirigent voll in der Musik abgetaucht sowie ein sehr ausgiebiger Applaus am Schluss waren pr\u00e4gende Momente des Requiems. Eine Saison, welche wir etwas m\u00fcde, aber dennoch stolz abschliessen k\u00f6nnen. <\/p>\n\n\n\n<p>Unser n\u00e4chstes Projekt soll klar wieder kleiner werden und bleiben. Denn auch der Chor konnte nicht die gleiche Gr\u00f6sse wie sonst aufweisen. Mit dem n\u00e4chstj\u00e4hrigen Projekt Jukebox Jamboree soll sich das wieder \u00e4ndern. Wir danken der Konzertgesellschaft Oberwallis, allen Sponsoren, dem Vorstand, den Dirigenten und allen Singenden f\u00fcr die tolle Zusammenarbeit. Bis dann!<\/p>\n","protected":false},"excerpt":{"rendered":"<p>Leitung: Yannick Zenh\u00e4usern, Paul Locher, Noah Ambord Ein Deutsches Requiem von Johannes Brahms, welches eine l\u00e4ngere Geschichte mit sich bringt: 2019 begannen wir mit der Planung des Projektes, welches ebenfalls j\u00e4h von der Pandemie unterbunden wurde. Das ambitionierte Projekt fand dann 2022 wieder in die Spur und konnte gem\u00e4ss urspr\u00fcnglicher Planung angesetzt werden: Die Kooperation &hellip; <\/p>\n<p class=\"link-more\"><a href=\"https:\/\/jungichanteurs.ch\/index.php\/palmsonntagskonzert-2023johannes-brahmsein-deutsches-requiem\/\" class=\"more-link\"><span class=\"screen-reader-text\">&#171;2022\/2023 &#8211; Palmsonntagskonzert: Johannes Brahms Ein Deutsches Requiem\u00a0&#171;<\/span> weiterlesen<\/a><\/p>\n","protected":false},"author":2,"featured_media":0,"parent":0,"menu_order":0,"comment_status":"closed","ping_status":"closed","template":"","meta":{"footnotes":""},"class_list":["post-1102","page","type-page","status-publish","hentry"],"_links":{"self":[{"href":"https:\/\/jungichanteurs.ch\/index.php\/wp-json\/wp\/v2\/pages\/1102","targetHints":{"allow":["GET"]}}],"collection":[{"href":"https:\/\/jungichanteurs.ch\/index.php\/wp-json\/wp\/v2\/pages"}],"about":[{"href":"https:\/\/jungichanteurs.ch\/index.php\/wp-json\/wp\/v2\/types\/page"}],"author":[{"embeddable":true,"href":"https:\/\/jungichanteurs.ch\/index.php\/wp-json\/wp\/v2\/users\/2"}],"replies":[{"embeddable":true,"href":"https:\/\/jungichanteurs.ch\/index.php\/wp-json\/wp\/v2\/comments?post=1102"}],"version-history":[{"count":6,"href":"https:\/\/jungichanteurs.ch\/index.php\/wp-json\/wp\/v2\/pages\/1102\/revisions"}],"predecessor-version":[{"id":1223,"href":"https:\/\/jungichanteurs.ch\/index.php\/wp-json\/wp\/v2\/pages\/1102\/revisions\/1223"}],"wp:attachment":[{"href":"https:\/\/jungichanteurs.ch\/index.php\/wp-json\/wp\/v2\/media?parent=1102"}],"curies":[{"name":"wp","href":"https:\/\/api.w.org\/{rel}","templated":true}]}}