{"id":1165,"date":"2024-02-10T12:07:38","date_gmt":"2024-02-10T12:07:38","guid":{"rendered":"https:\/\/jungichanteurs.ch\/?page_id=1165"},"modified":"2026-04-08T19:34:18","modified_gmt":"2026-04-08T19:34:18","slug":"conseil-dadministration","status":"publish","type":"page","link":"https:\/\/jungichanteurs.ch\/index.php\/fr\/conseil-dadministration\/","title":{"rendered":"Comit\u00e9"},"content":{"rendered":"\n<p>Les membres actuels du comit\u00e9 directeur sont<\/p>\n\n\n\n<p>Catering : Emmanuelle Farine &amp; Simon Constantin<br>Finances : Joanne Gattlen<br>Logistique : Solenn Hug &amp; Jennifer Gottsponer<br>Actuaire : Jennifer Gottsponer<br>Sponsoring : Alexandra Borter<br>R\u00e9seaux sociaux : Lois Furrer<br>Responsable du Bas-Valais : Emmanuelle Farine<br>Co-direction musicale : Yannick Zenh\u00e4usern &amp; Noah Ambord<br>Co-Pr\u00e9sidente : Emmanuelle Farine &amp; Livia Zenh\u00e4usern<\/p>\n","protected":false},"excerpt":{"rendered":"<p>Les membres actuels du comit\u00e9 directeur sont Catering : Emmanuelle Farine &amp; Simon ConstantinFinances : Joanne GattlenLogistique : Solenn Hug &amp; Jennifer GottsponerActuaire : Jennifer GottsponerSponsoring : Alexandra BorterR\u00e9seaux sociaux : Lois FurrerResponsable du Bas-Valais : Emmanuelle FarineCo-direction musicale : Yannick Zenh\u00e4usern &amp; Noah AmbordCo-Pr\u00e9sidente : Emmanuelle Farine &amp; Livia Zenh\u00e4usern<\/p>\n","protected":false},"author":2,"featured_media":0,"parent":0,"menu_order":0,"comment_status":"closed","ping_status":"closed","template":"","meta":{"footnotes":""},"class_list":["post-1165","page","type-page","status-publish","hentry"],"_links":{"self":[{"href":"https:\/\/jungichanteurs.ch\/index.php\/wp-json\/wp\/v2\/pages\/1165","targetHints":{"allow":["GET"]}}],"collection":[{"href":"https:\/\/jungichanteurs.ch\/index.php\/wp-json\/wp\/v2\/pages"}],"about":[{"href":"https:\/\/jungichanteurs.ch\/index.php\/wp-json\/wp\/v2\/types\/page"}],"author":[{"embeddable":true,"href":"https:\/\/jungichanteurs.ch\/index.php\/wp-json\/wp\/v2\/users\/2"}],"replies":[{"embeddable":true,"href":"https:\/\/jungichanteurs.ch\/index.php\/wp-json\/wp\/v2\/comments?post=1165"}],"version-history":[{"count":5,"href":"https:\/\/jungichanteurs.ch\/index.php\/wp-json\/wp\/v2\/pages\/1165\/revisions"}],"predecessor-version":[{"id":1424,"href":"https:\/\/jungichanteurs.ch\/index.php\/wp-json\/wp\/v2\/pages\/1165\/revisions\/1424"}],"wp:attachment":[{"href":"https:\/\/jungichanteurs.ch\/index.php\/wp-json\/wp\/v2\/media?parent=1165"}],"curies":[{"name":"wp","href":"https:\/\/api.w.org\/{rel}","templated":true}]}}