{"id":1200,"date":"2024-06-10T14:56:46","date_gmt":"2024-06-10T14:56:46","guid":{"rendered":"https:\/\/jungichanteurs.ch\/?page_id=1200"},"modified":"2024-06-19T08:53:07","modified_gmt":"2024-06-19T08:53:07","slug":"2024-jukebox-jamboree","status":"publish","type":"page","link":"https:\/\/jungichanteurs.ch\/index.php\/fr\/2024-jukebox-jamboree\/","title":{"rendered":"2023\/2024 &#8211; Jukebox Jamboree"},"content":{"rendered":"\n<figure class=\"wp-block-image size-large\"><img loading=\"lazy\" decoding=\"async\" width=\"1024\" height=\"724\" src=\"https:\/\/jungichanteurs.ch\/wp-content\/uploads\/2024\/06\/Querformat-Poster-Migros-1024x724.png\" alt=\"\" class=\"wp-image-1216\" srcset=\"https:\/\/jungichanteurs.ch\/wp-content\/uploads\/2024\/06\/Querformat-Poster-Migros-1024x724.png 1024w, https:\/\/jungichanteurs.ch\/wp-content\/uploads\/2024\/06\/Querformat-Poster-Migros-300x212.png 300w, https:\/\/jungichanteurs.ch\/wp-content\/uploads\/2024\/06\/Querformat-Poster-Migros-768x543.png 768w, https:\/\/jungichanteurs.ch\/wp-content\/uploads\/2024\/06\/Querformat-Poster-Migros-1536x1086.png 1536w, https:\/\/jungichanteurs.ch\/wp-content\/uploads\/2024\/06\/Querformat-Poster-Migros-2048x1448.png 2048w\" sizes=\"auto, (max-width: 767px) 89vw, (max-width: 1000px) 54vw, (max-width: 1071px) 543px, 580px\" \/><\/figure>\n\n\n\n<p>Cette saison, nous avons pu nous consacrer \u00e0 un programme particulier : Sous le slogan Jukebox Jamboree, nous avons chant\u00e9 des chansons folkloriques suisses, des classiques du rock et des shantys entra\u00eenants, qui donnent envie de se balancer, de chanter et de trinquer \u00e0 la joie de chanter ensemble.<\/p>\n\n\n\n<p>D\u00e8s l\u2019AG d\u2019automne, nous avons eu le plaisir d\u2019accueillir quelques nouveaux visages ainsi que des visages d\u00e9j\u00e0 connus. Nous avons lanc\u00e9 le projet lors du premier week-end de r\u00e9p\u00e9tition en novembre, avec une quarantaine d\u2019inscriptions. Un constat s&#8217;est vite impos\u00e9 : le programme met vraiment de bonne humeur. Tandis que la neige nous recouvrait \u00e0 Haute-Nendaz, Noah et Yannick concoctaient avec nous de superbes morceaux et nous savourions tous ce week-end pass\u00e9 ensemble.<\/p>\n\n\n\n<figure class=\"wp-block-image size-large\"><img loading=\"lazy\" decoding=\"async\" width=\"1024\" height=\"819\" src=\"https:\/\/jungichanteurs.ch\/wp-content\/uploads\/2024\/06\/DSC_0170-Verbessert-RR-1-1024x819.jpg\" alt=\"\" class=\"wp-image-1240\" srcset=\"https:\/\/jungichanteurs.ch\/wp-content\/uploads\/2024\/06\/DSC_0170-Verbessert-RR-1-1024x819.jpg 1024w, https:\/\/jungichanteurs.ch\/wp-content\/uploads\/2024\/06\/DSC_0170-Verbessert-RR-1-300x240.jpg 300w, https:\/\/jungichanteurs.ch\/wp-content\/uploads\/2024\/06\/DSC_0170-Verbessert-RR-1-768x614.jpg 768w, https:\/\/jungichanteurs.ch\/wp-content\/uploads\/2024\/06\/DSC_0170-Verbessert-RR-1-1536x1229.jpg 1536w, https:\/\/jungichanteurs.ch\/wp-content\/uploads\/2024\/06\/DSC_0170-Verbessert-RR-1-2048x1638.jpg 2048w\" sizes=\"auto, (max-width: 767px) 89vw, (max-width: 1000px) 54vw, (max-width: 1071px) 543px, 580px\" \/><\/figure>\n\n\n\n<p>Le deuxi\u00e8me week-end de r\u00e9p\u00e9tition eut lieu en f\u00e9vrier, au cours duquel nous avons peaufin\u00e9 les chansons. \u00c0 Fiesch, nous nous sommes non seulement entra\u00een\u00e9s \u00e0 chanter, mais nous avons \u00e9galement mis au point quelques chor\u00e9graphies &#8211; jusqu&#8217;\u00e0 ce que nos cuisses soient br\u00fblantes.<\/p>\n\n\n\n<p>L&#8217;impatience de participer aux concerts ne cessait de cro\u00eetre et en mars, nous \u00e9tions d\u00e9j\u00e0 sur sc\u00e8ne au Zeughaus, par\u00e9s de nos t-shirts jC, de nos pantalons color\u00e9s et de nos accessoires. Les derniers ajustements furent effectu\u00e9s la veille (et les chansons apprises par c\u0153ur). Le bistrot du samedi soir \u00e9tait plein \u00e0 craquer et nous nous sommes joyeusement m\u00eal\u00e9s pendant le concert aux invit\u00e9s, qui nous ont par ailleurs vivement soutenus en chantant. L&#8217;ambiance de la soir\u00e9e \u00e9galait nos superbes week-ends de r\u00e9p\u00e9tition et nous avons pass\u00e9 une excellente soir\u00e9e ensemble en compagnie de nos proches au Zeughaus.<\/p>\n\n\n\n<p>La grande salle s&#8217;est rapidement remplie elle aussi et, gr\u00e2ce \u00e0 une aide g\u00e9n\u00e9reuse, nous avons m\u00eame pu assurer un service au bar. Tout le monde a chant\u00e9, ri et savour\u00e9. Apr\u00e8s le concert, nous avons prolong\u00e9 la soir\u00e9e en toute convivialit\u00e9 avec un dernier verre et un piano sur la table.<\/p>\n\n\n\n<figure class=\"wp-block-image size-large\"><img loading=\"lazy\" decoding=\"async\" width=\"1024\" height=\"819\" src=\"https:\/\/jungichanteurs.ch\/wp-content\/uploads\/2024\/06\/DSC_0149-Verbessert-RR-2-1024x819.jpg\" alt=\"\" class=\"wp-image-1243\" srcset=\"https:\/\/jungichanteurs.ch\/wp-content\/uploads\/2024\/06\/DSC_0149-Verbessert-RR-2-1024x819.jpg 1024w, https:\/\/jungichanteurs.ch\/wp-content\/uploads\/2024\/06\/DSC_0149-Verbessert-RR-2-300x240.jpg 300w, https:\/\/jungichanteurs.ch\/wp-content\/uploads\/2024\/06\/DSC_0149-Verbessert-RR-2-768x614.jpg 768w, https:\/\/jungichanteurs.ch\/wp-content\/uploads\/2024\/06\/DSC_0149-Verbessert-RR-2-1536x1229.jpg 1536w, https:\/\/jungichanteurs.ch\/wp-content\/uploads\/2024\/06\/DSC_0149-Verbessert-RR-2-2048x1638.jpg 2048w\" sizes=\"auto, (max-width: 767px) 89vw, (max-width: 1000px) 54vw, (max-width: 1071px) 543px, 580px\" \/><\/figure>\n\n\n\n<p>Le projet a ainsi pris fin, mais le comit\u00e9 est d\u00e9j\u00e0 en train de se charger de la prochaine saison. Nous sommes tr\u00e8s impatients de nous attaquer \u00e0 nouveau au prochain programme avec de nombreux membres motiv\u00e9s.<\/p>\n\n\n\n<p>Nous remercions chaleureusement tous les participants sur et en dehors de la sc\u00e8ne, en particulier nos b\u00e9n\u00e9voles au bar \u00e0 la Souste. Bien entendu, nous remercions \u00e9galement notre public et nos sponsors, sans lesquels nous ne pourrions pas r\u00e9aliser de tels projets.\u00a0Merci\u00a0beaucoup!<\/p>\n\n\n\n<figure class=\"wp-block-image size-large\"><img loading=\"lazy\" decoding=\"async\" width=\"1024\" height=\"683\" src=\"https:\/\/jungichanteurs.ch\/wp-content\/uploads\/2024\/06\/DSC_0230-Verbessert-RR-3-1024x683.jpg\" alt=\"\" class=\"wp-image-1244\" srcset=\"https:\/\/jungichanteurs.ch\/wp-content\/uploads\/2024\/06\/DSC_0230-Verbessert-RR-3-1024x683.jpg 1024w, https:\/\/jungichanteurs.ch\/wp-content\/uploads\/2024\/06\/DSC_0230-Verbessert-RR-3-300x200.jpg 300w, https:\/\/jungichanteurs.ch\/wp-content\/uploads\/2024\/06\/DSC_0230-Verbessert-RR-3-768x512.jpg 768w, https:\/\/jungichanteurs.ch\/wp-content\/uploads\/2024\/06\/DSC_0230-Verbessert-RR-3-1536x1024.jpg 1536w, https:\/\/jungichanteurs.ch\/wp-content\/uploads\/2024\/06\/DSC_0230-Verbessert-RR-3-2048x1365.jpg 2048w\" sizes=\"auto, (max-width: 767px) 89vw, (max-width: 1000px) 54vw, (max-width: 1071px) 543px, 580px\" \/><\/figure>\n","protected":false},"excerpt":{"rendered":"<p>Cette saison, nous avons pu nous consacrer \u00e0 un programme particulier : Sous le slogan Jukebox Jamboree, nous avons chant\u00e9 des chansons folkloriques suisses, des classiques du rock et des shantys entra\u00eenants, qui donnent envie de se balancer, de chanter et de trinquer \u00e0 la joie de chanter ensemble. D\u00e8s l\u2019AG d\u2019automne, nous avons eu &hellip; <\/p>\n<p class=\"link-more\"><a href=\"https:\/\/jungichanteurs.ch\/index.php\/fr\/2024-jukebox-jamboree\/\" class=\"more-link\"><span class=\"screen-reader-text\">&#171;2023\/2024 &#8211; Jukebox Jamboree&#187;<\/span> weiterlesen<\/a><\/p>\n","protected":false},"author":2,"featured_media":0,"parent":0,"menu_order":0,"comment_status":"closed","ping_status":"closed","template":"","meta":{"footnotes":""},"class_list":["post-1200","page","type-page","status-publish","hentry"],"_links":{"self":[{"href":"https:\/\/jungichanteurs.ch\/index.php\/wp-json\/wp\/v2\/pages\/1200","targetHints":{"allow":["GET"]}}],"collection":[{"href":"https:\/\/jungichanteurs.ch\/index.php\/wp-json\/wp\/v2\/pages"}],"about":[{"href":"https:\/\/jungichanteurs.ch\/index.php\/wp-json\/wp\/v2\/types\/page"}],"author":[{"embeddable":true,"href":"https:\/\/jungichanteurs.ch\/index.php\/wp-json\/wp\/v2\/users\/2"}],"replies":[{"embeddable":true,"href":"https:\/\/jungichanteurs.ch\/index.php\/wp-json\/wp\/v2\/comments?post=1200"}],"version-history":[{"count":5,"href":"https:\/\/jungichanteurs.ch\/index.php\/wp-json\/wp\/v2\/pages\/1200\/revisions"}],"predecessor-version":[{"id":1247,"href":"https:\/\/jungichanteurs.ch\/index.php\/wp-json\/wp\/v2\/pages\/1200\/revisions\/1247"}],"wp:attachment":[{"href":"https:\/\/jungichanteurs.ch\/index.php\/wp-json\/wp\/v2\/media?parent=1200"}],"curies":[{"name":"wp","href":"https:\/\/api.w.org\/{rel}","templated":true}]}}