{"id":125,"date":"2017-11-06T23:38:47","date_gmt":"2017-11-06T23:38:47","guid":{"rendered":"https:\/\/zejo.ch\/jungichanteurs\/wp\/?page_id=125"},"modified":"2017-11-06T23:51:24","modified_gmt":"2017-11-06T23:51:24","slug":"2016-2017-africa-meets-gospel","status":"publish","type":"page","link":"https:\/\/jungichanteurs.ch\/index.php\/vergangene-projekte\/2016-2017-africa-meets-gospel\/","title":{"rendered":"2016 \/ 2017 \u2013 Africa Meets Gospel"},"content":{"rendered":"<h1>2016 \/ 2017 \u2013 Africa Meets Gospel<\/h1>\n<p>Das Projekt\u00a0<i>Africa meets Gospel\u00a0<\/i>dieser Saison 2016\/2017 wurde mit dem frischen sechsk\u00f6pfigen Vorstand der\u00a0<i>jungiChanteurs<\/i>\u00a0aufgegleist. So konnten Aufgaben zur Organisation aufgeteilt und dieser neue Name bestimmt werden. Wie im Vorjahr \u00fcbten wir vor allem an zwei Wochenenden (Ayent und Visperterminen), einem Vormittag (Martigny) und einem Probetag in Visp. In dieser kurzen Probezeit versuchten die Dirigenten, neben dem Einstudieren der Noten und dem \u00dcberbringen von Emotionen durch die Musik, den Chor als Gemeinschaft zusammenzuf\u00fchren. Das Zusammengeh\u00f6rigkeitsgef\u00fchl innerhalb dieses Vereines ist allen Mitwirkenden ein wichtiges Anliegen und wurde durch die Hilfsbereitschaft aller Beteiligten best\u00e4tigt.<br \/>\nF\u00fcr das Programm konnten wir eine motivierte Band zusammenstellen, die den 35 k\u00f6pfigen Projektchor unterst\u00fctzte und die Musik zus\u00e4tzlich belebte. Sie gaben dem ganzen Ensemble den letzten Schliff.<\/p>\n<p>Das erste Konzert in Sion, 1. April:<br \/>\nDem ersten Konzert sahen wir leicht aufgeregt, aber mit Vorfreude entgegen. Das Balafon \u2013 ein afrikanisches Xylophon \u2013 spielte zu Beginn alleine und der Chor stellte sich beim Eingang der Kirche auf. Das Publikum h\u00f6rte gespannt auf den aussergew\u00f6hnlichen Klang des Balafons. Auf den letzten Ton des Instruments ert\u00f6nten dann die ersten Stimmen hinter den Zuh\u00f6rern, die einen afrikanischen Ruf einleiteten. Die S\u00e4nger bewegten sich singend nach vorne an den B\u00e4nken der Zuh\u00f6rer vorbei. Die bunten Kleider trugen zur Stimmung bei. Die beiden Chorleiter Madeleine Loretan und Yannick Zenh\u00e4usern dirigierten abwechselnd und sorgten mit den zwei Bl\u00f6cken Afrikanisch und Gospel f\u00fcr abwechslungsreiche Spannung. Begeistert war das Publikum von den Solisten, die eine hervorragende Leistung erbracht haben, sowie den Tanzeinlagen, die der Chor einstudiert hatte. Mit unserem Auftritt schafften wir es zum Schluss einen grossen Applaus entgegenzunehmen, sowie zahlreiche positive R\u00fcckmeldungen zu erhalten.<\/p>\n<p>\u00abViel Frische und Kraft\u00bb so betitelte der Walliser Bote (Ausgabe 6. April 2017) das Konzert vom 02. April in Visp. Weiter hiess es: \u00ab[Sie] erreichte[n] insgesamt mit diesem Chor eine eindr\u00fcckliche Leistung, die das Publikum zu Recht zu sch\u00e4tzen wusste.\u00bb<\/p>\n<p>Ein beachtlicher Erfolg! Die enorme Martinskirche in Visp konnten wir zu unserer Freude f\u00fcllen. Die Anspannung der S\u00e4ngerInnen stieg vor dem Konzert erheblich an. Doch die Arbeit hat sich gelohnt: Ein ausgedehnter Beifall des Publikums zeigte die Wertsch\u00e4tzung unserer Arbeit und das erreichte Ziel \u2013 das Publikum zu begeistern. Wir wurden in beiden Konzerten grossz\u00fcgig in der Kollekte unterst\u00fctzt.<\/p>\n","protected":false},"excerpt":{"rendered":"<p>2016 \/ 2017 \u2013 Africa Meets Gospel Das Projekt\u00a0Africa meets Gospel\u00a0dieser Saison 2016\/2017 wurde mit dem frischen sechsk\u00f6pfigen Vorstand der\u00a0jungiChanteurs\u00a0aufgegleist. So konnten Aufgaben zur Organisation aufgeteilt und dieser neue Name bestimmt werden. Wie im Vorjahr \u00fcbten wir vor allem an zwei Wochenenden (Ayent und Visperterminen), einem Vormittag (Martigny) und einem Probetag in Visp. In dieser &hellip; <\/p>\n<p class=\"link-more\"><a href=\"https:\/\/jungichanteurs.ch\/index.php\/vergangene-projekte\/2016-2017-africa-meets-gospel\/\" class=\"more-link\"><span class=\"screen-reader-text\">&#171;2016 \/ 2017 \u2013 Africa Meets Gospel&#187;<\/span> weiterlesen<\/a><\/p>\n","protected":false},"author":2,"featured_media":84,"parent":61,"menu_order":1,"comment_status":"closed","ping_status":"closed","template":"","meta":{"footnotes":""},"class_list":["post-125","page","type-page","status-publish","has-post-thumbnail","hentry"],"_links":{"self":[{"href":"https:\/\/jungichanteurs.ch\/index.php\/wp-json\/wp\/v2\/pages\/125","targetHints":{"allow":["GET"]}}],"collection":[{"href":"https:\/\/jungichanteurs.ch\/index.php\/wp-json\/wp\/v2\/pages"}],"about":[{"href":"https:\/\/jungichanteurs.ch\/index.php\/wp-json\/wp\/v2\/types\/page"}],"author":[{"embeddable":true,"href":"https:\/\/jungichanteurs.ch\/index.php\/wp-json\/wp\/v2\/users\/2"}],"replies":[{"embeddable":true,"href":"https:\/\/jungichanteurs.ch\/index.php\/wp-json\/wp\/v2\/comments?post=125"}],"version-history":[{"count":3,"href":"https:\/\/jungichanteurs.ch\/index.php\/wp-json\/wp\/v2\/pages\/125\/revisions"}],"predecessor-version":[{"id":135,"href":"https:\/\/jungichanteurs.ch\/index.php\/wp-json\/wp\/v2\/pages\/125\/revisions\/135"}],"up":[{"embeddable":true,"href":"https:\/\/jungichanteurs.ch\/index.php\/wp-json\/wp\/v2\/pages\/61"}],"wp:featuredmedia":[{"embeddable":true,"href":"https:\/\/jungichanteurs.ch\/index.php\/wp-json\/wp\/v2\/media\/84"}],"wp:attachment":[{"href":"https:\/\/jungichanteurs.ch\/index.php\/wp-json\/wp\/v2\/media?parent=125"}],"curies":[{"name":"wp","href":"https:\/\/api.w.org\/{rel}","templated":true}]}}