{"id":129,"date":"2017-11-06T23:39:45","date_gmt":"2017-11-06T23:39:45","guid":{"rendered":"https:\/\/zejo.ch\/jungichanteurs\/wp\/?page_id=129"},"modified":"2017-11-06T23:39:45","modified_gmt":"2017-11-06T23:39:45","slug":"2015-2016-stemning","status":"publish","type":"page","link":"https:\/\/jungichanteurs.ch\/index.php\/vergangene-projekte\/2015-2016-stemning\/","title":{"rendered":"2015 \/ 2016 &#8211; Stemning"},"content":{"rendered":"<h1>2015 \/ 2016 &#8211; Stemning<\/h1>\n<p>Im August 2015 wurde bekannt gegeben, dass der <i>Walliserjugendchor<\/i> (<i>WJC<\/i>\/<i>CVJ<\/i>) nicht gen\u00fcgend Anmeldungen verzeichnete, um ein Projekt zu starten. Madeleine Loretan und Yannick Zenh\u00e4usern wollten den Chor jedoch nicht einfach seinem Schicksal \u00fcberlassen. Darum stampften sie innert K\u00fcrze das Projekt <i>Stemning \u2013 Stimmung <\/i>mit skandinavischer und irischer Musik aus dem Boden. Das Ziel war, einen Jugendchor zu gr\u00fcnden, der allen Walliserinnen und Wallisern weiterhin die M\u00f6glichkeit bietet, in Gemeinschaft singen zu k\u00f6nnen. So verzeichnete der Chor nach den Anmeldungen ca. 35 Personen. Das Projekt konnte daher definitiv lanciert werden. Zus\u00e4tzlich sollte eine Zusammenarbeit mit dem bereits existierenden <i>Oberwalliser Jugendchor<\/i> unter der Leitung von Christopher Mair entstehen.<\/p>\n<p>Madeleine und Yannick haben innert kurzer Zeit die Probewochenenden, Konzerts\u00e4le\/-kirchen, das Catering, das Sponsoring und viele weitere Dinge in die Hand genommen und organisiert. Schlag auf Schlag konnte ein Punkt nach dem anderen abgehakt werden. Das Projekt wurde finanziell so gut unterst\u00fctzt, dass sie die bekannte Walliser Folk-Band <i>iFolk<\/i> engagierten.<\/p>\n<p>Am ersten Wochenende im Ferienlager Bethania in B\u00fcrchen hatte der Chor mit seinen Leitern ein gedr\u00e4ngtes Programm. Der Start war aufgrund der termin\u00fcberschneidenden Fasnacht etwas harzig. Dennoch sind Madeleine und Yannick motiviert geblieben und konnten am Ende des Wochenendes auf ihre ersten Erfolge zur\u00fcckblicken \u2013 oder wohl eher \u00abzur\u00fcckh\u00f6ren\u00bb.<\/p>\n<p>Sie wussten nun, dass es kein Zur\u00fcck mehr gibt und die guten R\u00fcckmeldungen der Chormitglieder spornte sie zus\u00e4tzlich an. Zwischen den beiden Probeweekends wurde mehrmals an einem Samstagmorgen in Brig geprobt. Das zweite Wochenende fand im M\u00e4rz in T\u00f6rbel statt und schloss am Sonntag mit einer ersten gemeinsamen Probe mit der Band <i>iFolk<\/i> ab. An den Wochenenden organisierten Madeleine und Yannick jemanden, der sich um das Essen f\u00fcr die ganze Truppe k\u00fcmmerte. Dies lief alles reibungslos ab. Nun war das Konzert nicht mehr fern.<\/p>\n<p>Ende April bzw. anfangs Mai durften wir in Leuk und Naters unsere Konzerte halten. Mit je \u00fcber 150 Zuh\u00f6rern kann der nun neu gegr\u00fcndete Verein klar von einem Erfolg sprechen.<\/p>\n<p>Unser Ziel, junge Leute aus dem ganzen Wallis zusammenzuf\u00fchren und zu einem Chor zu vereinen, der Spass und Freude am Singen hat, wurde mit diesen gelungenen Konzerten erreicht.<\/p>\n<p>Darum soll nun an den Erfolg angekn\u00fcpft werden und ein neues Projekt unter dem Namen <i>Africa meets Gospel<\/i> wird gestartet. Neu heisst unser Jugendchor \u201ejungiChanteurs\u201c.<\/p>\n","protected":false},"excerpt":{"rendered":"<p>2015 \/ 2016 &#8211; Stemning Im August 2015 wurde bekannt gegeben, dass der Walliserjugendchor (WJC\/CVJ) nicht gen\u00fcgend Anmeldungen verzeichnete, um ein Projekt zu starten. Madeleine Loretan und Yannick Zenh\u00e4usern wollten den Chor jedoch nicht einfach seinem Schicksal \u00fcberlassen. Darum stampften sie innert K\u00fcrze das Projekt Stemning \u2013 Stimmung mit skandinavischer und irischer Musik aus dem &hellip; <\/p>\n<p class=\"link-more\"><a href=\"https:\/\/jungichanteurs.ch\/index.php\/vergangene-projekte\/2015-2016-stemning\/\" class=\"more-link\"><span class=\"screen-reader-text\">&#171;2015 \/ 2016 &#8211; Stemning&#187;<\/span> weiterlesen<\/a><\/p>\n","protected":false},"author":2,"featured_media":0,"parent":61,"menu_order":2,"comment_status":"closed","ping_status":"closed","template":"","meta":{"footnotes":""},"class_list":["post-129","page","type-page","status-publish","hentry"],"_links":{"self":[{"href":"https:\/\/jungichanteurs.ch\/index.php\/wp-json\/wp\/v2\/pages\/129","targetHints":{"allow":["GET"]}}],"collection":[{"href":"https:\/\/jungichanteurs.ch\/index.php\/wp-json\/wp\/v2\/pages"}],"about":[{"href":"https:\/\/jungichanteurs.ch\/index.php\/wp-json\/wp\/v2\/types\/page"}],"author":[{"embeddable":true,"href":"https:\/\/jungichanteurs.ch\/index.php\/wp-json\/wp\/v2\/users\/2"}],"replies":[{"embeddable":true,"href":"https:\/\/jungichanteurs.ch\/index.php\/wp-json\/wp\/v2\/comments?post=129"}],"version-history":[{"count":1,"href":"https:\/\/jungichanteurs.ch\/index.php\/wp-json\/wp\/v2\/pages\/129\/revisions"}],"predecessor-version":[{"id":130,"href":"https:\/\/jungichanteurs.ch\/index.php\/wp-json\/wp\/v2\/pages\/129\/revisions\/130"}],"up":[{"embeddable":true,"href":"https:\/\/jungichanteurs.ch\/index.php\/wp-json\/wp\/v2\/pages\/61"}],"wp:attachment":[{"href":"https:\/\/jungichanteurs.ch\/index.php\/wp-json\/wp\/v2\/media?parent=129"}],"curies":[{"name":"wp","href":"https:\/\/api.w.org\/{rel}","templated":true}]}}