{"id":1322,"date":"2025-03-11T17:29:54","date_gmt":"2025-03-11T17:29:54","guid":{"rendered":"https:\/\/jungichanteurs.ch\/?page_id=1322"},"modified":"2025-05-08T18:38:49","modified_gmt":"2025-05-08T18:38:49","slug":"mitglieder","status":"publish","type":"page","link":"https:\/\/jungichanteurs.ch\/index.php\/mitglieder\/","title":{"rendered":"Mitglieder"},"content":{"rendered":"\n<p><strong>M\u00f6chtest du Mitglied werden?<\/strong> <\/p>\n\n\n\n<p>Dann klicke auf Anmeldung.<\/p>\n\n\n\n<p><strong>M\u00f6chtest du deinen Mitgliederbeitrag bezahlen? <\/strong><\/p>\n\n\n\n<p>Dann klicke auf <a href=\"https:\/\/jungichanteurs.ch\/index.php\/mitgliederbeitraege\/\">Mitgliederbeitr\u00e4ge<\/a>.<\/p>\n","protected":false},"excerpt":{"rendered":"<p>M\u00f6chtest du Mitglied werden? Dann klicke auf Anmeldung. M\u00f6chtest du deinen Mitgliederbeitrag bezahlen? Dann klicke auf Mitgliederbeitr\u00e4ge.<\/p>\n","protected":false},"author":2,"featured_media":0,"parent":0,"menu_order":0,"comment_status":"closed","ping_status":"closed","template":"","meta":{"footnotes":""},"class_list":["post-1322","page","type-page","status-publish","hentry"],"_links":{"self":[{"href":"https:\/\/jungichanteurs.ch\/index.php\/wp-json\/wp\/v2\/pages\/1322","targetHints":{"allow":["GET"]}}],"collection":[{"href":"https:\/\/jungichanteurs.ch\/index.php\/wp-json\/wp\/v2\/pages"}],"about":[{"href":"https:\/\/jungichanteurs.ch\/index.php\/wp-json\/wp\/v2\/types\/page"}],"author":[{"embeddable":true,"href":"https:\/\/jungichanteurs.ch\/index.php\/wp-json\/wp\/v2\/users\/2"}],"replies":[{"embeddable":true,"href":"https:\/\/jungichanteurs.ch\/index.php\/wp-json\/wp\/v2\/comments?post=1322"}],"version-history":[{"count":3,"href":"https:\/\/jungichanteurs.ch\/index.php\/wp-json\/wp\/v2\/pages\/1322\/revisions"}],"predecessor-version":[{"id":1344,"href":"https:\/\/jungichanteurs.ch\/index.php\/wp-json\/wp\/v2\/pages\/1322\/revisions\/1344"}],"wp:attachment":[{"href":"https:\/\/jungichanteurs.ch\/index.php\/wp-json\/wp\/v2\/media?parent=1322"}],"curies":[{"name":"wp","href":"https:\/\/api.w.org\/{rel}","templated":true}]}}