{"id":1391,"date":"2025-08-11T13:35:59","date_gmt":"2025-08-11T13:35:59","guid":{"rendered":"https:\/\/jungichanteurs.ch\/?page_id=1391"},"modified":"2025-08-11T13:44:04","modified_gmt":"2025-08-11T13:44:04","slug":"2024-2025-ghutanna-gaelach","status":"publish","type":"page","link":"https:\/\/jungichanteurs.ch\/index.php\/2024-2025-ghutanna-gaelach\/","title":{"rendered":"2024\/2025 \u2013 Ghutanna Gaelach"},"content":{"rendered":"\n<p>Dieses Jahr haben wir die irische Musik gefeiert. Mit Ghutanna Gaelach tauchten wir ein in die gr\u00fcnen Wiesen, verzaubert von ihren Meereswinden. Begleitet von Volksliedern, melancholischen St\u00fccken und mitreissenden Hymnen lernten wir neue Rhythmen und eine neue Sprache: G\u00e4lisch.<\/p>\n\n\n<div class=\"wp-block-image is-style-default\">\n<figure class=\"aligncenter size-large is-resized\"><img loading=\"lazy\" decoding=\"async\" width=\"724\" height=\"1024\" src=\"https:\/\/jungichanteurs.ch\/wp-content\/uploads\/2025\/05\/Ghutanna-Gaelach-724x1024.png\" alt=\"\" class=\"wp-image-1350\" style=\"aspect-ratio:1;object-fit:cover;width:364px;height:auto\" srcset=\"https:\/\/jungichanteurs.ch\/wp-content\/uploads\/2025\/05\/Ghutanna-Gaelach-724x1024.png 724w, https:\/\/jungichanteurs.ch\/wp-content\/uploads\/2025\/05\/Ghutanna-Gaelach-212x300.png 212w, https:\/\/jungichanteurs.ch\/wp-content\/uploads\/2025\/05\/Ghutanna-Gaelach-768x1086.png 768w, https:\/\/jungichanteurs.ch\/wp-content\/uploads\/2025\/05\/Ghutanna-Gaelach-1086x1536.png 1086w, https:\/\/jungichanteurs.ch\/wp-content\/uploads\/2025\/05\/Ghutanna-Gaelach.png 1414w\" sizes=\"auto, (max-width: 724px) 100vw, 724px\" \/><\/figure>\n<\/div>\n\n\n<p>An der GV im Herbst und aufgrund der begrenzten Anzahl Anmeldungen im September hat der Vorstand entschieden, das Projekt auf Fr\u00fchling 2025 zu verschieben. So konnte das Projekt erfolgreich durchgef\u00fchrt werden und vereinte rund dreissig Teilnehmende. Um die Wartezeit bis zum Fr\u00fchling zu \u00fcberbr\u00fccken, behielten wir unsere Reservation im Oktober im Lagerhaus Fieschertal bei und trafen uns dort f\u00fcr ein Vereinswochenende. Wir verbrachten zwei wundersch\u00f6ne Tage, warfen einen ersten Blick auf das kommende Projektst\u00fcck, spielten Gesellschaftsspiele und sangen voller Freude am Karaokeabend.<strong><\/strong><\/p>\n\n\n\n<p>Das Projekt nahm im M\u00e4rz offiziell seinen Anfang mit einem ersten Probenwochenende in Gr\u00e4chen. Dort machten wir uns mit den St\u00fccken vertraut, die uns durch die Saison begleiten w\u00fcrden. Besonders herausfordernd gestaltete sich das Erlernen der g\u00e4lischen Sprache, das intensiver war als erwartet. Beim zweiten Probenwochenende im April in Visperterminen arbeiteten wir mit gro\u00dfem Einsatz daran, unsere Kenntnisse im G\u00e4lischen zu vertiefen und die im M\u00e4rz begonnenen Lieder zu vervollst\u00e4ndigen. Im Mai trafen wir uns schliesslich zu zwei weiteren, intensiven Probetagen \u2013 diesmal mit musikalischer Begleitung. So waren wir bereit f\u00fcr die beiden Konzerte am darauffolgenden Wochenende.<\/p>\n\n\n\n<figure class=\"wp-block-image size-large is-resized\"><img loading=\"lazy\" decoding=\"async\" width=\"1024\" height=\"771\" src=\"https:\/\/jungichanteurs.ch\/wp-content\/uploads\/2025\/08\/PXL_20250517_165805021-1024x771.jpg\" alt=\"\" class=\"wp-image-1396\" style=\"width:676px;height:auto\" srcset=\"https:\/\/jungichanteurs.ch\/wp-content\/uploads\/2025\/08\/PXL_20250517_165805021-1024x771.jpg 1024w, https:\/\/jungichanteurs.ch\/wp-content\/uploads\/2025\/08\/PXL_20250517_165805021-300x226.jpg 300w, https:\/\/jungichanteurs.ch\/wp-content\/uploads\/2025\/08\/PXL_20250517_165805021-768x578.jpg 768w, https:\/\/jungichanteurs.ch\/wp-content\/uploads\/2025\/08\/PXL_20250517_165805021-1536x1157.jpg 1536w, https:\/\/jungichanteurs.ch\/wp-content\/uploads\/2025\/08\/PXL_20250517_165805021-2048x1542.jpg 2048w\" sizes=\"auto, (max-width: 767px) 89vw, (max-width: 1000px) 54vw, (max-width: 1071px) 543px, 580px\" \/><\/figure>\n\n\n\n<p>Am 17. Mai in der Burgkirche von Raron und am darauffolgenden Tag in der \u00c9glise St-Catherine in Siders traten wir, gekleidet in den Farben der irischen Flagge, in einer magischen Atmosph\u00e4re auf. Das Zusammenspiel mit dem Raum und den g\u00e4lischen Melodien entf\u00fchrte uns gemeinsam mit dem Publikum in die verzauberten Landschaften Irlands.<\/p>\n\n\n\n<p>So fand das Projekt seinen Abschluss. Der Vorstand arbeitet bereits intensiv an der n\u00e4chsten Saison, die mit einem umfangreichen Programm aufwartet. Tats\u00e4chlich werden wir neben dem gewohnten Projekt auch nach \u00d6sterreich reisen, um gemeinsam mit dem Chor <a href=\"https:\/\/almrose.at\/\">MGV Almrose Radenthein<\/a> ein Konzert zu geben. Wir freuen uns schon jetzt auf die neue Saison und hoffen, Sie dort wiederzusehen!<\/p>\n\n\n\n<p>Wir m\u00f6chten allen Teilnehmenden danken, die sich mit viel Engagement f\u00fcr den Erfolg des Projekts&nbsp;<strong>Ghutanna Gaelach<\/strong> eingesetzt haben. Ebenso gilt unser Dank den Musikerinnen und Musikern, die uns auf diesem Weg begleitet und zum Gelingen beigetragen haben<strong> <\/strong>: Mirjiam Costelo am Bodr\u00e0n, Sarah Brunner unsere treue Pianistin und Lukas Sehr als Verst\u00e4rkung bei der B\u00e4sse. Ein besonderer Dank gilt unseren Sponsoren, ohne die dieses Projekt nicht m\u00f6glich gewesen w\u00e4re. Herzlichen Dank!<\/p>\n","protected":false},"excerpt":{"rendered":"<p>Dieses Jahr haben wir die irische Musik gefeiert. Mit Ghutanna Gaelach tauchten wir ein in die gr\u00fcnen Wiesen, verzaubert von ihren Meereswinden. Begleitet von Volksliedern, melancholischen St\u00fccken und mitreissenden Hymnen lernten wir neue Rhythmen und eine neue Sprache: G\u00e4lisch. An der GV im Herbst und aufgrund der begrenzten Anzahl Anmeldungen im September hat der Vorstand &hellip; <\/p>\n<p class=\"link-more\"><a href=\"https:\/\/jungichanteurs.ch\/index.php\/2024-2025-ghutanna-gaelach\/\" class=\"more-link\"><span class=\"screen-reader-text\">&#171;2024\/2025 \u2013 Ghutanna Gaelach&#187;<\/span> weiterlesen<\/a><\/p>\n","protected":false},"author":2,"featured_media":0,"parent":0,"menu_order":0,"comment_status":"closed","ping_status":"closed","template":"","meta":{"footnotes":""},"class_list":["post-1391","page","type-page","status-publish","hentry"],"_links":{"self":[{"href":"https:\/\/jungichanteurs.ch\/index.php\/wp-json\/wp\/v2\/pages\/1391","targetHints":{"allow":["GET"]}}],"collection":[{"href":"https:\/\/jungichanteurs.ch\/index.php\/wp-json\/wp\/v2\/pages"}],"about":[{"href":"https:\/\/jungichanteurs.ch\/index.php\/wp-json\/wp\/v2\/types\/page"}],"author":[{"embeddable":true,"href":"https:\/\/jungichanteurs.ch\/index.php\/wp-json\/wp\/v2\/users\/2"}],"replies":[{"embeddable":true,"href":"https:\/\/jungichanteurs.ch\/index.php\/wp-json\/wp\/v2\/comments?post=1391"}],"version-history":[{"count":4,"href":"https:\/\/jungichanteurs.ch\/index.php\/wp-json\/wp\/v2\/pages\/1391\/revisions"}],"predecessor-version":[{"id":1398,"href":"https:\/\/jungichanteurs.ch\/index.php\/wp-json\/wp\/v2\/pages\/1391\/revisions\/1398"}],"wp:attachment":[{"href":"https:\/\/jungichanteurs.ch\/index.php\/wp-json\/wp\/v2\/media?parent=1391"}],"curies":[{"name":"wp","href":"https:\/\/api.w.org\/{rel}","templated":true}]}}