{"id":1405,"date":"2025-08-11T13:51:03","date_gmt":"2025-08-11T13:51:03","guid":{"rendered":"https:\/\/jungichanteurs.ch\/?page_id=1405"},"modified":"2025-08-11T13:51:03","modified_gmt":"2025-08-11T13:51:03","slug":"2024-2025-ghutanna-gaelach-2","status":"publish","type":"page","link":"https:\/\/jungichanteurs.ch\/index.php\/fr\/2024-2025-ghutanna-gaelach-2\/","title":{"rendered":"2024\/2025 \u2013 Ghutanna Gaelach"},"content":{"rendered":"\n<p>Cette ann\u00e9e, nous avons c\u00e9l\u00e9br\u00e9 la musique irlandaise. Avec Ghutanna Gaelach, nous nous sommes immerg\u00e9s dans les vertes prairies, envout\u00e9es par leurs vents marins et airs sal\u00e9s. Accompagn\u00e9s de chants folkloriques, des morceaux m\u00e9lancoliques et des hymnes entrainants, nous avons appris de nouveaux rythmes et une nouvelle langue: le ga\u00e9lique.<\/p>\n\n\n<div class=\"wp-block-image\">\n<figure class=\"aligncenter size-large is-resized\"><img loading=\"lazy\" decoding=\"async\" width=\"724\" height=\"1024\" src=\"https:\/\/jungichanteurs.ch\/wp-content\/uploads\/2025\/05\/Ghutanna-Gaelach-1-724x1024.png\" alt=\"\" class=\"wp-image-1353\" style=\"aspect-ratio:1;object-fit:cover;width:373px;height:auto\" srcset=\"https:\/\/jungichanteurs.ch\/wp-content\/uploads\/2025\/05\/Ghutanna-Gaelach-1-724x1024.png 724w, https:\/\/jungichanteurs.ch\/wp-content\/uploads\/2025\/05\/Ghutanna-Gaelach-1-212x300.png 212w, https:\/\/jungichanteurs.ch\/wp-content\/uploads\/2025\/05\/Ghutanna-Gaelach-1-768x1086.png 768w, https:\/\/jungichanteurs.ch\/wp-content\/uploads\/2025\/05\/Ghutanna-Gaelach-1-1086x1536.png 1086w, https:\/\/jungichanteurs.ch\/wp-content\/uploads\/2025\/05\/Ghutanna-Gaelach-1.png 1414w\" sizes=\"auto, (max-width: 724px) 100vw, 724px\" \/><\/figure>\n<\/div>\n\n\n<p>Lors de l&#8217;AG en automne et en raison d&#8217;un nombre d&#8217;inscriptions limit\u00e9es en septembre, le comit\u00e9 a pris la d\u00e9cision de reporter le projet au printemps 2025. Ainsi, le projet a pu se d\u00e9rouler avec succ\u00e8s, r\u00e9unissant une trentaine de participants. Afin de combler l\u2019attente jusqu&#8217;au printemps, nous avons conserv\u00e9 notre r\u00e9servation d\u2019octobre \u00e0 la maison de camp de Fieschertal et nous y sommes retrouv\u00e9s pour un weekend de la chorale. Nous avons pass\u00e9 deux journ\u00e9es magnifiques, survolant le premier morceau du projet \u00e0 venir, jouant \u00e0 des jeux de soci\u00e9t\u00e9 et chantant \u00e0 tue-t\u00eate lors de la soir\u00e9e karaok\u00e9 tant attendue.<\/p>\n\n\n\n<p>Le projet a officiellement d\u00e9marr\u00e9 en mars avec un premier weekend de r\u00e9p\u00e9tition \u00e0 Gr\u00e4chen, o\u00f9 nous avons d\u00e9couvert les morceaux qui allaient nous accompagner pour la saison. Nous nous sommes attaqu\u00e9s \u00e0 l\u2019apprentissage du ga\u00e9lique, qui s\u2019est av\u00e9r\u00e9 \u00eatre plus intense que pr\u00e9vu. Lors du deuxi\u00e8me weekend \u00e0 Visperterminen en avril, nous avons travaill\u00e9 d\u2019arrachepied pour combler nos lacunes de ga\u00e9lique et compl\u00e9ter les chants entam\u00e9s en mars. Enfin, en mai, nous nous sommes revus pour deux jours de r\u00e9p\u00e9titions intensives avec accompagnement musical. Nous \u00e9tions pr\u00eats pour les deux concerts qui nous attendaient le week-end suivant.<\/p>\n\n\n\n<figure class=\"wp-block-image size-large\"><img loading=\"lazy\" decoding=\"async\" width=\"1024\" height=\"771\" src=\"https:\/\/jungichanteurs.ch\/wp-content\/uploads\/2025\/08\/PXL_20250517_165805021-1-1024x771.jpg\" alt=\"\" class=\"wp-image-1406\" srcset=\"https:\/\/jungichanteurs.ch\/wp-content\/uploads\/2025\/08\/PXL_20250517_165805021-1-1024x771.jpg 1024w, https:\/\/jungichanteurs.ch\/wp-content\/uploads\/2025\/08\/PXL_20250517_165805021-1-300x226.jpg 300w, https:\/\/jungichanteurs.ch\/wp-content\/uploads\/2025\/08\/PXL_20250517_165805021-1-768x578.jpg 768w, https:\/\/jungichanteurs.ch\/wp-content\/uploads\/2025\/08\/PXL_20250517_165805021-1-1536x1157.jpg 1536w, https:\/\/jungichanteurs.ch\/wp-content\/uploads\/2025\/08\/PXL_20250517_165805021-1-2048x1542.jpg 2048w\" sizes=\"auto, (max-width: 767px) 89vw, (max-width: 1000px) 54vw, (max-width: 1071px) 543px, 580px\" \/><\/figure>\n\n\n\n<p>Le 17 mai \u00e0 la Burgkirche de Rarogne et le lendemain \u00e0 l\u2019\u00e9glise St. Catherine \u00e0 Sierre, v\u00eatus des couleurs du drapeau irlandais, nous avons pu performer dans une ambiance magique. Le d\u00e9cor m\u00eal\u00e9 aux m\u00e9lodies ga\u00e9liques nous a transport\u00e9s avec le public dans ces contr\u00e9es enchant\u00e9es d\u2019Irlande.<\/p>\n\n\n\n<p>Ainsi le projet a pris fin. De son c\u00f4t\u00e9, le comit\u00e9 s\u2019att\u00e8le d\u00e9j\u00e0 \u00e0 la t\u00e2che pour la saison suivante, avec un programme d\u00e9j\u00e0 bien charg\u00e9. Et oui! En plus du projet habituel, nous allons en Autriche retrouver la Chorale <a href=\"https:\/\/almrose.at\/\">MGV Almrose Radenthein<\/a><em> <\/em>pour un concert ensemble. Nous nous r\u00e9jouissons d&#8217;ores et d\u00e9j\u00e0 de cette nouvelle saison et esp\u00e9rons vous y revoir !<\/p>\n\n\n\n<p>Nous aimerions remercier tous les participants qui se sont investis dans la r\u00e9ussite du projet <strong>Ghutanna Gaelach. <\/strong>Il en va de m\u00eame pour les musiciens et musiciennes qui nous ont accompagn\u00e9 vers le succ\u00e8s: Mirjiam Costelo au Bodr\u00e0n, Sarah Brunner notre fid\u00e8le pianiste et Lukas Sehr en renfort chez les basses. Un remerciement particulier est adress\u00e9 \u00e0 nos sponsors, sans qui, ce projet n\u2019aurait pas \u00e9t\u00e9 possible. Merci beaucoup !<\/p>\n","protected":false},"excerpt":{"rendered":"<p>Cette ann\u00e9e, nous avons c\u00e9l\u00e9br\u00e9 la musique irlandaise. Avec Ghutanna Gaelach, nous nous sommes immerg\u00e9s dans les vertes prairies, envout\u00e9es par leurs vents marins et airs sal\u00e9s. Accompagn\u00e9s de chants folkloriques, des morceaux m\u00e9lancoliques et des hymnes entrainants, nous avons appris de nouveaux rythmes et une nouvelle langue: le ga\u00e9lique. Lors de l&#8217;AG en automne &hellip; <\/p>\n<p class=\"link-more\"><a href=\"https:\/\/jungichanteurs.ch\/index.php\/fr\/2024-2025-ghutanna-gaelach-2\/\" class=\"more-link\"><span class=\"screen-reader-text\">&#171;2024\/2025 \u2013 Ghutanna Gaelach&#187;<\/span> weiterlesen<\/a><\/p>\n","protected":false},"author":2,"featured_media":0,"parent":0,"menu_order":0,"comment_status":"closed","ping_status":"closed","template":"","meta":{"footnotes":""},"class_list":["post-1405","page","type-page","status-publish","hentry"],"_links":{"self":[{"href":"https:\/\/jungichanteurs.ch\/index.php\/wp-json\/wp\/v2\/pages\/1405","targetHints":{"allow":["GET"]}}],"collection":[{"href":"https:\/\/jungichanteurs.ch\/index.php\/wp-json\/wp\/v2\/pages"}],"about":[{"href":"https:\/\/jungichanteurs.ch\/index.php\/wp-json\/wp\/v2\/types\/page"}],"author":[{"embeddable":true,"href":"https:\/\/jungichanteurs.ch\/index.php\/wp-json\/wp\/v2\/users\/2"}],"replies":[{"embeddable":true,"href":"https:\/\/jungichanteurs.ch\/index.php\/wp-json\/wp\/v2\/comments?post=1405"}],"version-history":[{"count":1,"href":"https:\/\/jungichanteurs.ch\/index.php\/wp-json\/wp\/v2\/pages\/1405\/revisions"}],"predecessor-version":[{"id":1408,"href":"https:\/\/jungichanteurs.ch\/index.php\/wp-json\/wp\/v2\/pages\/1405\/revisions\/1408"}],"wp:attachment":[{"href":"https:\/\/jungichanteurs.ch\/index.php\/wp-json\/wp\/v2\/media?parent=1405"}],"curies":[{"name":"wp","href":"https:\/\/api.w.org\/{rel}","templated":true}]}}