{"id":178,"date":"2018-02-25T16:07:02","date_gmt":"2018-02-25T16:07:02","guid":{"rendered":"https:\/\/jungichanteurs.ch\/?page_id=178"},"modified":"2019-11-11T13:58:54","modified_gmt":"2019-11-11T13:58:54","slug":"zukuenftiges-projekt-2019","status":"publish","type":"page","link":"https:\/\/jungichanteurs.ch\/index.php\/zukuenftiges-projekt-2019\/","title":{"rendered":"2018 \/ 2019 &#8211; Don&#8217;t Stop Us Now!"},"content":{"rendered":"<h1 style=\"text-align: center;\"><span style=\"color: #800000;\"><strong>Don&#8217;t Stop Us Now!<\/strong><\/span><\/h1>\n<p><img loading=\"lazy\" decoding=\"async\" class=\"alignnone size-large wp-image-481\" src=\"https:\/\/jungichanteurs.ch\/wp-content\/uploads\/2019\/03\/Flyer-Dont-Stop-Us-Now-2-724x1024.jpeg\" alt=\"\" width=\"525\" height=\"743\" srcset=\"https:\/\/jungichanteurs.ch\/wp-content\/uploads\/2019\/03\/Flyer-Dont-Stop-Us-Now-2-724x1024.jpeg 724w, https:\/\/jungichanteurs.ch\/wp-content\/uploads\/2019\/03\/Flyer-Dont-Stop-Us-Now-2-212x300.jpeg 212w, https:\/\/jungichanteurs.ch\/wp-content\/uploads\/2019\/03\/Flyer-Dont-Stop-Us-Now-2-768x1086.jpeg 768w, https:\/\/jungichanteurs.ch\/wp-content\/uploads\/2019\/03\/Flyer-Dont-Stop-Us-Now-2.jpeg 1131w\" sizes=\"auto, (max-width: 525px) 100vw, 525px\" \/><\/p>\n<p>Der Titel des Projekts war Programm: Schmissige Hits von Queen, Bruno Mars und Aretha Franklin aber auch eindrucksvolle Balladen von Sam Smith, James Bay und Ed Sheeran hatten wir mit den Chorleitern Madeleine Loretan und Yannick Zenh\u00e4usern einstudiert. Die Freude am diesj\u00e4hrigen Programm war schon w\u00e4hrend den Proben sichtbar: Die beiden Probenwochenenden in Leukerbad und Visperterminen sowie der Probesamstag machten bereits Lust auf die Konzerte. Wir genossen das Zusammensein und das gemeinsame Musizieren sehr. Vor allem als schliesslich unsere ad-hoc Band zu den Proben hinzustiessen, konnte der lebhafte Funk-Sound zum Ausdruck gebracht werden. Am 30. M\u00e4rz war es endlich soweit und wir stellten an diesem herrlichen Samstag in der Ste Catherine Kirche in Sierre das Equipment auf. Trotz dem eher geringen Anteil an Unterwalliser Singenden durften wir ein tolles Publikum begr\u00fcssen, das sich von unserer Musik mitreissen liess. So war das erste Konzert bereits ein Riesenspass. Nach dem Konzert wurde dann in Sierre auf die erste Etappe angestossen. Am Sonntag trafen wir uns bei der St. Martinskirche in Visp, die um einiges gr\u00f6sser ist. Trotzdem schafften wir es auch dort, die Kirche gut zu f\u00fcllen und durften jede Minute unseres Abschlusskonzerts geniessen. Dies lag vor allem auch daran, dass es leider das letzte war, das wir gemeinsam mit Madeleine auf der B\u00fchne stehen durften. Sie gibt die Chorleitung nach vier spannenden und kreativen Jahren ab. Wir sind ihr \u00fcberaus dankbar f\u00fcr ihren Einsatz w\u00e4hrend dieser Zeit und f\u00fcr die vielen tollen Momente, die wir mit ihr erleben durften. \u00c4s risu Merci!<\/p>\n<p>Wir m\u00f6chten uns herzlich bei allen Beteiligten f\u00fcr das erfolgreiche Durchf\u00fchren des Projekts <strong>Don\u2019t Stop Us Now! <\/strong>bedanken. So auch beim Technik-Team Dominique Borriello und Jonas Ruppen, den Musikern sowie allen S\u00e4nger*innen. Besonderer Dank gilt auch unseren Sponsoren und G\u00f6nnern, ohne die ein solches Projekt gar nicht durchf\u00fchrbar w\u00e4ren. Vielen herzlichen Dank!<\/p>\n<p><img loading=\"lazy\" decoding=\"async\" class=\"size-full wp-image-255 aligncenter\" src=\"https:\/\/jungichanteurs.ch\/wp-content\/uploads\/2018\/06\/20180621_105213.gif\" alt=\"\" width=\"382\" height=\"678\" \/><\/p>\n","protected":false},"excerpt":{"rendered":"<p>Don&#8217;t Stop Us Now! Der Titel des Projekts war Programm: Schmissige Hits von Queen, Bruno Mars und Aretha Franklin aber auch eindrucksvolle Balladen von Sam Smith, James Bay und Ed Sheeran hatten wir mit den Chorleitern Madeleine Loretan und Yannick Zenh\u00e4usern einstudiert. Die Freude am diesj\u00e4hrigen Programm war schon w\u00e4hrend den Proben sichtbar: Die beiden &hellip; <\/p>\n<p class=\"link-more\"><a href=\"https:\/\/jungichanteurs.ch\/index.php\/zukuenftiges-projekt-2019\/\" class=\"more-link\"><span class=\"screen-reader-text\">&#171;2018 \/ 2019 &#8211; Don&#8217;t Stop Us Now!&#187;<\/span> weiterlesen<\/a><\/p>\n","protected":false},"author":2,"featured_media":0,"parent":0,"menu_order":0,"comment_status":"closed","ping_status":"closed","template":"","meta":{"footnotes":""},"class_list":["post-178","page","type-page","status-publish","hentry"],"_links":{"self":[{"href":"https:\/\/jungichanteurs.ch\/index.php\/wp-json\/wp\/v2\/pages\/178","targetHints":{"allow":["GET"]}}],"collection":[{"href":"https:\/\/jungichanteurs.ch\/index.php\/wp-json\/wp\/v2\/pages"}],"about":[{"href":"https:\/\/jungichanteurs.ch\/index.php\/wp-json\/wp\/v2\/types\/page"}],"author":[{"embeddable":true,"href":"https:\/\/jungichanteurs.ch\/index.php\/wp-json\/wp\/v2\/users\/2"}],"replies":[{"embeddable":true,"href":"https:\/\/jungichanteurs.ch\/index.php\/wp-json\/wp\/v2\/comments?post=178"}],"version-history":[{"count":24,"href":"https:\/\/jungichanteurs.ch\/index.php\/wp-json\/wp\/v2\/pages\/178\/revisions"}],"predecessor-version":[{"id":822,"href":"https:\/\/jungichanteurs.ch\/index.php\/wp-json\/wp\/v2\/pages\/178\/revisions\/822"}],"wp:attachment":[{"href":"https:\/\/jungichanteurs.ch\/index.php\/wp-json\/wp\/v2\/media?parent=178"}],"curies":[{"name":"wp","href":"https:\/\/api.w.org\/{rel}","templated":true}]}}