{"id":324,"date":"2018-07-26T12:42:59","date_gmt":"2018-07-26T12:42:59","guid":{"rendered":"https:\/\/jungichanteurs.ch\/?page_id=324"},"modified":"2025-01-09T15:41:41","modified_gmt":"2025-01-09T15:41:41","slug":"yannick-zenhaeusern","status":"publish","type":"page","link":"https:\/\/jungichanteurs.ch\/index.php\/yannick-zenhaeusern\/","title":{"rendered":"Yannick Zenh\u00e4usern"},"content":{"rendered":"<h1>Dirigent<\/h1>\n<h1 style=\"padding-top: 0px;\"><img loading=\"lazy\" decoding=\"async\" class=\"alignnone  wp-image-1097\" src=\"https:\/\/jungichanteurs.ch\/wp-content\/uploads\/2022\/09\/Kleiner-als-2500x1200px-1024x552.jpg\" alt=\"\" width=\"660\" height=\"356\" srcset=\"https:\/\/jungichanteurs.ch\/wp-content\/uploads\/2022\/09\/Kleiner-als-2500x1200px-1024x552.jpg 1024w, https:\/\/jungichanteurs.ch\/wp-content\/uploads\/2022\/09\/Kleiner-als-2500x1200px-300x162.jpg 300w, https:\/\/jungichanteurs.ch\/wp-content\/uploads\/2022\/09\/Kleiner-als-2500x1200px-768x414.jpg 768w, https:\/\/jungichanteurs.ch\/wp-content\/uploads\/2022\/09\/Kleiner-als-2500x1200px-1536x828.jpg 1536w, https:\/\/jungichanteurs.ch\/wp-content\/uploads\/2022\/09\/Kleiner-als-2500x1200px-2048x1104.jpg 2048w\" sizes=\"auto, (max-width: 660px) 100vw, 660px\" \/><\/h1>\n<p>Yannick Zenh\u00e4usern wuchs im Walliser Bergdorf B\u00fcrchen auf. Er schloss seinen Master in Chorleitung und Schulmusik II 2018 mit Auszeichung ab. Er leitete f\u00fcr 5 Jahre den Kirchenchor in Nussbaumen und ab Herbst 2018 den Kirchenchor in Brig f\u00fcr 4 Jahre. 2019-2021 \u00fcbernahm er in Zusammenarbeit mit Adrian Zenh\u00e4usern den Chor der Konzertgesellschaft Oberwallis (KOGE). Im Herbst 2015 gr\u00fcndete er zusammen mit Madeleine Loretan den Jugendchor jungiChanteurs aus dem Wallis. Zus\u00e4tzlich arbeitet er als Lehrer an der OMS in Brig. Die dirigentische Arbeit wurde durch diverse Meisterkurse unter anderem bei Prof. Raphael Immoos und Prof. Catherine Fender, Anders Eby, Kari Turunen, Prof. Beat Sch\u00e4fer, Prof. Markus Utz und Prof. Harald Jers verfeinert. Freunde und Familie runden die restliche Zeit noch ab.<\/p>\n","protected":false},"excerpt":{"rendered":"<p>Dirigent Yannick Zenh\u00e4usern wuchs im Walliser Bergdorf B\u00fcrchen auf. Er schloss seinen Master in Chorleitung und Schulmusik II 2018 mit Auszeichung ab. Er leitete f\u00fcr 5 Jahre den Kirchenchor in Nussbaumen und ab Herbst 2018 den Kirchenchor in Brig f\u00fcr 4 Jahre. 2019-2021 \u00fcbernahm er in Zusammenarbeit mit Adrian Zenh\u00e4usern den Chor der Konzertgesellschaft Oberwallis &hellip; <\/p>\n<p class=\"link-more\"><a href=\"https:\/\/jungichanteurs.ch\/index.php\/yannick-zenhaeusern\/\" class=\"more-link\"><span class=\"screen-reader-text\">&#171;Yannick Zenh\u00e4usern&#187;<\/span> weiterlesen<\/a><\/p>\n","protected":false},"author":2,"featured_media":0,"parent":0,"menu_order":0,"comment_status":"closed","ping_status":"closed","template":"","meta":{"footnotes":""},"class_list":["post-324","page","type-page","status-publish","hentry"],"_links":{"self":[{"href":"https:\/\/jungichanteurs.ch\/index.php\/wp-json\/wp\/v2\/pages\/324","targetHints":{"allow":["GET"]}}],"collection":[{"href":"https:\/\/jungichanteurs.ch\/index.php\/wp-json\/wp\/v2\/pages"}],"about":[{"href":"https:\/\/jungichanteurs.ch\/index.php\/wp-json\/wp\/v2\/types\/page"}],"author":[{"embeddable":true,"href":"https:\/\/jungichanteurs.ch\/index.php\/wp-json\/wp\/v2\/users\/2"}],"replies":[{"embeddable":true,"href":"https:\/\/jungichanteurs.ch\/index.php\/wp-json\/wp\/v2\/comments?post=324"}],"version-history":[{"count":11,"href":"https:\/\/jungichanteurs.ch\/index.php\/wp-json\/wp\/v2\/pages\/324\/revisions"}],"predecessor-version":[{"id":1316,"href":"https:\/\/jungichanteurs.ch\/index.php\/wp-json\/wp\/v2\/pages\/324\/revisions\/1316"}],"wp:attachment":[{"href":"https:\/\/jungichanteurs.ch\/index.php\/wp-json\/wp\/v2\/media?parent=324"}],"curies":[{"name":"wp","href":"https:\/\/api.w.org\/{rel}","templated":true}]}}