{"id":344,"date":"2018-08-01T06:34:20","date_gmt":"2018-08-01T06:34:20","guid":{"rendered":"https:\/\/jungichanteurs.ch\/?page_id=344"},"modified":"2025-05-08T19:17:23","modified_gmt":"2025-05-08T19:17:23","slug":"a-propos-du-choeur","status":"publish","type":"page","link":"https:\/\/jungichanteurs.ch\/index.php\/fr\/a-propos-du-choeur\/","title":{"rendered":"\u00c0 propos du ch\u0153ur"},"content":{"rendered":"<p>Nous r\u00e9p\u00e9tons g\u00e9n\u00e9ralement pendant deux week-ends et un jour de r\u00e9p\u00e9tition. Enfin, nous donnons deux concerts en Valais. Pendant les week-ends, nous passons g\u00e9n\u00e9ralement la nuit dans un logement de groupe et nous nous nourrissons nous-m\u00eames (une \u00e9quipe de cuisine pr\u00e9pare les repas pour toute la troupe, puis nous nettoyons bien s\u00fbr ensemble la cuisine). Pour que nous puissions payer les frais d&#8217;h\u00e9bergement et de nourriture pour tous, les membres contribuent \u00e0 hauteur de 150 CHF pour les \u00e9l\u00e8ves et \u00e9tudiants ou de 300 CHF pour ceux qui travaillent d\u00e9j\u00e0 par projet.<\/p>\n<p>Qui sommes-nous ? Comment est n\u00e9e notre chorale ? Que faut-il savoir d&#8217;autre \u00e0 notre sujet ?<\/p>\n<p><span style=\"font-weight: 400;\">Le ch\u0153ur fut fond\u00e9 en 2015 sous le nom de \u201cCh\u0153ur Valaisan des Jeunes\u201d et d\u00e9buta sa carri\u00e8re avec un projet intitul\u00e9 \u201cStemning &#8211; Stimmung\u201d (ambiance). Apr\u00e8s plusieurs concerts \u00e0 succ\u00e8s, il fut d\u00e9cid\u00e9 de renommer la chorale avec un nom interr\u00e9gional refl\u00e9tant mieux son esprit. C&#8217;est ainsi que les\u00a0 <em>jungiChanteurs<\/em> sont n\u00e9s. Ce nouveau nom, combinant un terme allemand et un terme fran\u00e7ais, a pour but de motiver davantage de chanteurs du Haut et du Bas-Valais \u00e0 se rassembler autour d\u2019une passion commune: la musique. Le ch\u0153ur fonctionne depuis 2016 sur le principe associatif et compte chaque ann\u00e9e une quarantaine de chanteuses et chanteurs qui se r\u00e9inscrivent \u00e0 chaque nouveau projet. Des week-ends et journ\u00e9es de r\u00e9p\u00e9tition courts mais intensifs sont programm\u00e9s durant l&#8217;ann\u00e9e. Ceux-ci sont alors couronn\u00e9s par deux concerts. Le ch\u0153ur est plac\u00e9 sous la baguette de Noah Ambord et Yannick Zenh\u00e4usern.\u00a0<\/span><\/p>\n","protected":false},"excerpt":{"rendered":"<p>Nous r\u00e9p\u00e9tons g\u00e9n\u00e9ralement pendant deux week-ends et un jour de r\u00e9p\u00e9tition. Enfin, nous donnons deux concerts en Valais. Pendant les week-ends, nous passons g\u00e9n\u00e9ralement la nuit dans un logement de groupe et nous nous nourrissons nous-m\u00eames (une \u00e9quipe de cuisine pr\u00e9pare les repas pour toute la troupe, puis nous nettoyons bien s\u00fbr ensemble la cuisine). &hellip; <\/p>\n<p class=\"link-more\"><a href=\"https:\/\/jungichanteurs.ch\/index.php\/fr\/a-propos-du-choeur\/\" class=\"more-link\"><span class=\"screen-reader-text\">&#171;\u00c0 propos du ch\u0153ur&#187;<\/span> weiterlesen<\/a><\/p>\n","protected":false},"author":1,"featured_media":68,"parent":0,"menu_order":0,"comment_status":"closed","ping_status":"closed","template":"","meta":{"footnotes":""},"class_list":["post-344","page","type-page","status-publish","has-post-thumbnail","hentry"],"_links":{"self":[{"href":"https:\/\/jungichanteurs.ch\/index.php\/wp-json\/wp\/v2\/pages\/344","targetHints":{"allow":["GET"]}}],"collection":[{"href":"https:\/\/jungichanteurs.ch\/index.php\/wp-json\/wp\/v2\/pages"}],"about":[{"href":"https:\/\/jungichanteurs.ch\/index.php\/wp-json\/wp\/v2\/types\/page"}],"author":[{"embeddable":true,"href":"https:\/\/jungichanteurs.ch\/index.php\/wp-json\/wp\/v2\/users\/1"}],"replies":[{"embeddable":true,"href":"https:\/\/jungichanteurs.ch\/index.php\/wp-json\/wp\/v2\/comments?post=344"}],"version-history":[{"count":7,"href":"https:\/\/jungichanteurs.ch\/index.php\/wp-json\/wp\/v2\/pages\/344\/revisions"}],"predecessor-version":[{"id":1373,"href":"https:\/\/jungichanteurs.ch\/index.php\/wp-json\/wp\/v2\/pages\/344\/revisions\/1373"}],"wp:featuredmedia":[{"embeddable":true,"href":"https:\/\/jungichanteurs.ch\/index.php\/wp-json\/wp\/v2\/media\/68"}],"wp:attachment":[{"href":"https:\/\/jungichanteurs.ch\/index.php\/wp-json\/wp\/v2\/media?parent=344"}],"curies":[{"name":"wp","href":"https:\/\/api.w.org\/{rel}","templated":true}]}}