{"id":353,"date":"2018-08-01T14:25:43","date_gmt":"2018-08-01T14:25:43","guid":{"rendered":"https:\/\/jungichanteurs.ch\/?page_id=353"},"modified":"2018-08-01T14:25:43","modified_gmt":"2018-08-01T14:25:43","slug":"2017-2018-lhomme-arme","status":"publish","type":"page","link":"https:\/\/jungichanteurs.ch\/index.php\/fr\/2017-2018-lhomme-arme\/","title":{"rendered":"2017 \/ 2018 &#8211; L\u2019Homme Arm\u00e9"},"content":{"rendered":"<p><span style=\"font-weight: 400;\">\u201cDiversifi\u00e9, exigeant et \u00e9mouvant\u201d<\/span><\/p>\n<p><span style=\"font-weight: 400;\">Tel fut le titre du Walliser Bote concernant les concerts des jungiChanteurs. Nous avons pr\u00e9sent\u00e9 l\u2019\u0153uvre de Karl Jenkins intitul\u00e9e \u201cL\u2019Homme Arm\u00e9 &#8211; Une Messe Pour La Paix\u201d \u00e0 Vi\u00e8ge les 21 et 22 avril 2018 et \u00e9galement \u00e0 B\u00e2le le weekend suivant. Depuis le d\u00e9but, il \u00e9tait clair que ce projet serait exigeant. Mais c\u2019est seulement durant les r\u00e9p\u00e9titions que nous nous sommes rendu compte de l\u2019exp\u00e9rience merveilleuse que nous \u00e9tions en train de vivre. En collaboration avec le <\/span><i><span style=\"font-weight: 400;\">regioChor Binningen\/Basel <\/span><\/i><span style=\"font-weight: 400;\">et la <\/span><i><span style=\"font-weight: 400;\">Juventus Musica Basel, <\/span><\/i><span style=\"font-weight: 400;\">Yannick Zenh\u00e4usern et Raphael Ilg ont os\u00e9 relever ce projet ambitieux. Pour se faire, les jungiChanteurs ont recrut\u00e9 plus que 40 chanteurs et chanteuses. Aux valaisans se sont joints deux autres chorales b\u00e2loises: le <\/span><i><span style=\"font-weight: 400;\">regioChor<\/span><\/i><span style=\"font-weight: 400;\"> a apport\u00e9 la maturit\u00e9 n\u00e9cessaire \u00e0 l\u2019\u0153uvre, alors que la <\/span><i><span style=\"font-weight: 400;\">Juventus Musica Basel<\/span><\/i><span style=\"font-weight: 400;\"> a fait raisonner ses voix jeunes et pures et a \u00e9galement mis \u00e0 disposition son orchestre. Pour les <\/span><i><span style=\"font-weight: 400;\">jungiChanteurs,<\/span><\/i><span style=\"font-weight: 400;\"> ce fut une exp\u00e9rience inoubliable. Nous avons pu \u00e9tudier l\u2019ouvrage de Karl Jenkins lors de quatre week-ends de r\u00e9p\u00e9tition. Le dernier de ceux-ci s\u2019est d\u00e9roul\u00e9 \u00e0 B\u00e2le afin de r\u00e9unir toutes les voix et l\u2019orchestre. \u00c0 ce moment d\u00e9j\u00e0, la collaboration s\u2019annon\u00e7ait \u00eatre une r\u00e9ussite, les membres des diff\u00e9rents ch\u0153urs et l\u2019orchestre ayant d\u00e8s les premiers instants eu un excellent contact.<\/span><\/p>\n<p><span style=\"font-weight: 400;\">Nous \u00e9tions tous tr\u00e8s excit\u00e9s \u00e0 la venue du premier concert. L\u2019orchestre a ouvert la soir\u00e9e avec \u00a0\u201cLament for the Valley\u201d et une pi\u00e8ce en trois mouvements pour orchestre \u00e0 cordes, \u201cPalladio\u201d. C\u2019est alors que le ch\u0153ur entier, avan\u00e7ant sur sc\u00e8ne de fa\u00e7on quasi-militaire, entonna le premier morceau de cet ouvrage anti-guerre. \u201cL\u2019homme arm\u00e9 doit on douter\u201d furent les premiers mots prononc\u00e9s. \u201cL\u2019Homme Arm\u00e9\u201d a pour but de pr\u00e9senter les horreurs de la guerre et constitue ainsi un appel g\u00e9n\u00e9ralis\u00e9 \u00e0 la paix. La description de la guerre atteint son paroxysme lors \u00a0des morceaux \u201cCharge!\u201d ainsi qu\u2019\u201cAngry Flames\u201d d\u00e9crivant les cons\u00e9quences cataclysmiques de la bombe atomique largu\u00e9e sur Hiroshima. Pour conclure cet ouvrage, la pi\u00e8ce \u201cBetter Is Peace Than Always War\u201d expose une vision futuriste avec un choral rappelant le sacrifice du Christ.<\/span><\/p>\n<p><span style=\"font-weight: 400;\">Ce fut un \u00e9norme plaisir pour nous de pouvoir pr\u00e9senter cette pi\u00e8ce \u00e9mouvante et toujours d\u2019actualit\u00e9. Ces \u00e9motions que nous avons v\u00e9cues semblent avoir \u00e9t\u00e9 transmises aux spectateurs selon le Walliser Bote: \u201cLe ch\u0153ur bien pr\u00e9par\u00e9 chantait avec passion et suivait avec sensibilit\u00e9 la direction de son chef.\u201d<\/span><\/p>\n<p><span style=\"font-weight: 400;\">Les jungiChanteurs n\u2019auraient pu r\u00e9aliser ce projet sans l\u2019\u00e9norme soutien du Valais. Ainsi, nous aimerions remercier tous nos sponsors pour leur g\u00e9n\u00e9reux soutien. De plus, un grand merci aux nombreuses personnes qui nous ont aid\u00e9es au travers de notre Crowdfunding. Finalement, nous aimerions remercier la <\/span><i><span style=\"font-weight: 400;\">Juventus Musica Basel <\/span><\/i><span style=\"font-weight: 400;\">ainsi que le <\/span><i><span style=\"font-weight: 400;\">regioChor Binnigen\/Basel<\/span><\/i><span style=\"font-weight: 400;\"> pour la collaboration r\u00e9ussie ainsi que tous les participants qui ont mis une \u00e9nergie folle et engagement sans limites dans ce grand projet. Merci beaucoup!<\/span><\/p>\n","protected":false},"excerpt":{"rendered":"<p>\u201cDiversifi\u00e9, exigeant et \u00e9mouvant\u201d Tel fut le titre du Walliser Bote concernant les concerts des jungiChanteurs. Nous avons pr\u00e9sent\u00e9 l\u2019\u0153uvre de Karl Jenkins intitul\u00e9e \u201cL\u2019Homme Arm\u00e9 &#8211; Une Messe Pour La Paix\u201d \u00e0 Vi\u00e8ge les 21 et 22 avril 2018 et \u00e9galement \u00e0 B\u00e2le le weekend suivant. Depuis le d\u00e9but, il \u00e9tait clair que ce &hellip; <\/p>\n<p class=\"link-more\"><a href=\"https:\/\/jungichanteurs.ch\/index.php\/fr\/2017-2018-lhomme-arme\/\" class=\"more-link\"><span class=\"screen-reader-text\">&#171;2017 \/ 2018 &#8211; L\u2019Homme Arm\u00e9&#187;<\/span> weiterlesen<\/a><\/p>\n","protected":false},"author":1,"featured_media":301,"parent":0,"menu_order":0,"comment_status":"closed","ping_status":"closed","template":"","meta":{"footnotes":""},"class_list":["post-353","page","type-page","status-publish","has-post-thumbnail","hentry"],"_links":{"self":[{"href":"https:\/\/jungichanteurs.ch\/index.php\/wp-json\/wp\/v2\/pages\/353","targetHints":{"allow":["GET"]}}],"collection":[{"href":"https:\/\/jungichanteurs.ch\/index.php\/wp-json\/wp\/v2\/pages"}],"about":[{"href":"https:\/\/jungichanteurs.ch\/index.php\/wp-json\/wp\/v2\/types\/page"}],"author":[{"embeddable":true,"href":"https:\/\/jungichanteurs.ch\/index.php\/wp-json\/wp\/v2\/users\/1"}],"replies":[{"embeddable":true,"href":"https:\/\/jungichanteurs.ch\/index.php\/wp-json\/wp\/v2\/comments?post=353"}],"version-history":[{"count":1,"href":"https:\/\/jungichanteurs.ch\/index.php\/wp-json\/wp\/v2\/pages\/353\/revisions"}],"predecessor-version":[{"id":354,"href":"https:\/\/jungichanteurs.ch\/index.php\/wp-json\/wp\/v2\/pages\/353\/revisions\/354"}],"wp:featuredmedia":[{"embeddable":true,"href":"https:\/\/jungichanteurs.ch\/index.php\/wp-json\/wp\/v2\/media\/301"}],"wp:attachment":[{"href":"https:\/\/jungichanteurs.ch\/index.php\/wp-json\/wp\/v2\/media?parent=353"}],"curies":[{"name":"wp","href":"https:\/\/api.w.org\/{rel}","templated":true}]}}