{"id":355,"date":"2018-08-01T14:26:37","date_gmt":"2018-08-01T14:26:37","guid":{"rendered":"https:\/\/jungichanteurs.ch\/?page_id=355"},"modified":"2019-08-22T09:22:30","modified_gmt":"2019-08-22T09:22:30","slug":"2016-2017-africa-meets-gospel","status":"publish","type":"page","link":"https:\/\/jungichanteurs.ch\/index.php\/fr\/2017-2018-lhomme-arme\/2016-2017-africa-meets-gospel\/","title":{"rendered":"2016 \/ 2017 &#8211; Africa Meets Gospel"},"content":{"rendered":"<p><span style=\"font-weight: 400;\">Le projet Africa meets Gospel d\u00e9coule de la restructuration du ch\u0153ur. Celui-ci a \u00e9t\u00e9 rebaptis\u00e9 en jungiChanteurs et un comit\u00e9 dynamique a \u00e9t\u00e9 \u00e9lu. Il fut d\u00e8s lors en charge d\u2019initier de nouveaux projets et de r\u00e9aliser leurs diverses t\u00e2ches organisationnelles. Comme les pr\u00e9c\u00e9dentes ann\u00e9es, nous avons r\u00e9p\u00e9t\u00e9 le programme durant deux week-ends cette fois-ci \u00e0 Ayent et \u00e0 Visperterminen ainsi que lors d\u2019une matin\u00e9e \u00e0 Martigny et d\u2019une autre \u00e0 Vi\u00e8ge. Durant ces courts laps de temps, les directeurs ont cherch\u00e9 \u00e0 nous apprendre les morceaux, \u00e0 nous transmettre les \u00e9motions de la musique, mais aussi \u00e0 cr\u00e9er un v\u00e9ritable lien d\u2019amiti\u00e9 entre les chanteurs. Ce sentiment d\u2019union est une priorit\u00e9 pour tous les membres du ch\u0153ur. Dans le cadre de ce concert, un groupe de musiciens motiv\u00e9s s\u2019est joint aux 35 voix pour y apporter une touche finale dansante.<\/span><\/p>\n<p><span style=\"font-weight: 400;\">1 avril 2017, Sion, premier concert:<\/span><\/p>\n<p><span style=\"font-weight: 400;\">Nous \u00e9tions tous un peu nerveux mais tr\u00e8s enthousiastes \u00e0 la fois de pr\u00e9senter le fruit de notre travail. Le balafon &#8211; un xylophone africain &#8211; s\u2019est mis \u00e0 r\u00e9sonner dans l\u2019\u00e9glise alors que le ch\u0153ur se trouvait aux portes de celles-ci. L\u2019audience fut rapidement captiv\u00e9e par le son extraordinaire de cet instrument. Lorsque la derni\u00e8re note r\u00e9sonna, une voix, entonnant un appel africain, retentit. C\u2019est alors que les chanteurs se sont mis marcher dans les all\u00e9es en chantant pour rejoindre l\u2019avant de l\u2019\u00e9glise. Leurs v\u00eatements color\u00e9s apportaient une ambiance caract\u00e9ristique des pays africains. Madeleine Loretan et Yannick Zenh\u00e4usern se sont tour \u00e0 tour pass\u00e9 la baguette pour diriger les chants africains et gospels. Les auditeurs ont \u00e9t\u00e9 enchant\u00e9s \u00a0des excellentes prestations solistiques ainsi que des chor\u00e9graphies \u00e9tudi\u00e9es par le ch\u0153ur. Un tonnerre d\u2019applaudissements et une pluie de f\u00e9licitations ont conclu ce concert. Cette soir\u00e9e s\u2019est termin\u00e9e autour d\u2019un verre de l\u2019amiti\u00e9 dans un bar s\u00e9dunois.<\/span><\/p>\n<p><span style=\"font-weight: 400;\">\u201cBeaucoup de fra\u00eecheur et de force\u201d, fut le titre de l\u2019article du Walliser Bote concernant le deuxi\u00e8me concert qui s\u2019est d\u00e9roul\u00e9 le 2 avril \u00e0 Vi\u00e8ge. \u201cCe ch\u0153ur est parvenu \u00e0 une performance impressionnante, que l\u2019audience a appr\u00e9ci\u00e9 \u00e0 sa juste valeur.\u201d<\/span><\/p>\n<p><span style=\"font-weight: 400;\">Un succ\u00e8s appr\u00e9ciable! Nous avons pu remplir la Martinskirche de Vi\u00e8ge, ce qui nous a fait \u00e9norm\u00e9ment plaisir. La tension des chanteuses et chanteurs montait graduellement avant le concert, mais le travail effectu\u00e9 en a valu la peine. Les applaudissements de notre travail nous ont confirm\u00e9 que notre but de passionner l\u2019audience \u00e9tait atteint. De plus, une qu\u00eate g\u00e9n\u00e9reuse nous a permis de couvrir nos derniers frais.<\/span><\/p>\n","protected":false},"excerpt":{"rendered":"<p>Le projet Africa meets Gospel d\u00e9coule de la restructuration du ch\u0153ur. Celui-ci a \u00e9t\u00e9 rebaptis\u00e9 en jungiChanteurs et un comit\u00e9 dynamique a \u00e9t\u00e9 \u00e9lu. Il fut d\u00e8s lors en charge d\u2019initier de nouveaux projets et de r\u00e9aliser leurs diverses t\u00e2ches organisationnelles. Comme les pr\u00e9c\u00e9dentes ann\u00e9es, nous avons r\u00e9p\u00e9t\u00e9 le programme durant deux week-ends cette fois-ci &hellip; <\/p>\n<p class=\"link-more\"><a href=\"https:\/\/jungichanteurs.ch\/index.php\/fr\/2017-2018-lhomme-arme\/2016-2017-africa-meets-gospel\/\" class=\"more-link\"><span class=\"screen-reader-text\">&#171;2016 \/ 2017 &#8211; Africa Meets Gospel&#187;<\/span> weiterlesen<\/a><\/p>\n","protected":false},"author":1,"featured_media":84,"parent":353,"menu_order":1,"comment_status":"closed","ping_status":"closed","template":"","meta":{"footnotes":""},"class_list":["post-355","page","type-page","status-publish","has-post-thumbnail","hentry"],"_links":{"self":[{"href":"https:\/\/jungichanteurs.ch\/index.php\/wp-json\/wp\/v2\/pages\/355","targetHints":{"allow":["GET"]}}],"collection":[{"href":"https:\/\/jungichanteurs.ch\/index.php\/wp-json\/wp\/v2\/pages"}],"about":[{"href":"https:\/\/jungichanteurs.ch\/index.php\/wp-json\/wp\/v2\/types\/page"}],"author":[{"embeddable":true,"href":"https:\/\/jungichanteurs.ch\/index.php\/wp-json\/wp\/v2\/users\/1"}],"replies":[{"embeddable":true,"href":"https:\/\/jungichanteurs.ch\/index.php\/wp-json\/wp\/v2\/comments?post=355"}],"version-history":[{"count":1,"href":"https:\/\/jungichanteurs.ch\/index.php\/wp-json\/wp\/v2\/pages\/355\/revisions"}],"predecessor-version":[{"id":356,"href":"https:\/\/jungichanteurs.ch\/index.php\/wp-json\/wp\/v2\/pages\/355\/revisions\/356"}],"up":[{"embeddable":true,"href":"https:\/\/jungichanteurs.ch\/index.php\/wp-json\/wp\/v2\/pages\/353"}],"wp:featuredmedia":[{"embeddable":true,"href":"https:\/\/jungichanteurs.ch\/index.php\/wp-json\/wp\/v2\/media\/84"}],"wp:attachment":[{"href":"https:\/\/jungichanteurs.ch\/index.php\/wp-json\/wp\/v2\/media?parent=355"}],"curies":[{"name":"wp","href":"https:\/\/api.w.org\/{rel}","templated":true}]}}