{"id":361,"date":"2018-08-01T14:43:25","date_gmt":"2018-08-01T14:43:25","guid":{"rendered":"https:\/\/jungichanteurs.ch\/?page_id=361"},"modified":"2025-05-08T19:08:04","modified_gmt":"2025-05-08T19:08:04","slug":"noah-ambord-2","status":"publish","type":"page","link":"https:\/\/jungichanteurs.ch\/index.php\/fr\/noah-ambord-2\/","title":{"rendered":"Noah Ambord"},"content":{"rendered":"<h1><strong>Directeur, (*2001) <\/strong><\/h1>\n<figure class=\"wp-block-image size-large\"><img loading=\"lazy\" decoding=\"async\" width=\"1024\" height=\"1024\" class=\"wp-image-1041\" src=\"https:\/\/jungichanteurs.ch\/wp-content\/uploads\/2022\/05\/WhatsApp-Image-2022-05-06-at-16.13.15-1-1024x1024.jpeg\" alt=\"\" srcset=\"https:\/\/jungichanteurs.ch\/wp-content\/uploads\/2022\/05\/WhatsApp-Image-2022-05-06-at-16.13.15-1-1024x1024.jpeg 1024w, https:\/\/jungichanteurs.ch\/wp-content\/uploads\/2022\/05\/WhatsApp-Image-2022-05-06-at-16.13.15-1-300x300.jpeg 300w, https:\/\/jungichanteurs.ch\/wp-content\/uploads\/2022\/05\/WhatsApp-Image-2022-05-06-at-16.13.15-1-150x150.jpeg 150w, https:\/\/jungichanteurs.ch\/wp-content\/uploads\/2022\/05\/WhatsApp-Image-2022-05-06-at-16.13.15-1-768x768.jpeg 768w, https:\/\/jungichanteurs.ch\/wp-content\/uploads\/2022\/05\/WhatsApp-Image-2022-05-06-at-16.13.15-1-100x100.jpeg 100w, https:\/\/jungichanteurs.ch\/wp-content\/uploads\/2022\/05\/WhatsApp-Image-2022-05-06-at-16.13.15-1.jpeg 1080w\" sizes=\"auto, (max-width: 767px) 89vw, (max-width: 1000px) 54vw, (max-width: 1071px) 543px, 580px\" \/><strong><\/strong><\/figure>\n\n<div id=\"block-ab6d2ea9-e23b-4e00-907d-eeffe0a78bbb\" class=\"wp-block editor-block-list__block is-selected\" tabindex=\"0\" data-type=\"core\/freeform\" aria-label=\"Block: Classic\">\n<div class=\"editor-block-list__block-edit\">\n<div data-block=\"ab6d2ea9-e23b-4e00-907d-eeffe0a78bbb\">\n<div id=\"editor-ab6d2ea9-e23b-4e00-907d-eeffe0a78bbb\" class=\"wp-block-freeform block-library-rich-text__tinymce mce-content-body html5-captions\" dir=\"ltr\" contenteditable=\"true\">\n<p>Noah Ambord (2001) est un jeune chef d&#8217;orchestre et organiste qui vit entre Visperterminen et Zurich. Il a termin\u00e9 le Lyc\u00e9e-Coll\u00e8ge Spiritus Sanctus en option musique et a obtenu le prix AMO pour la meilleure maturit\u00e9 musicale. De 2011 \u00e0 2021, il a \u00e9galement suivi des cours d&#8217;orgue avec Johannes Diederen. En 2015, il a termin\u00e9 sa formation d&#8217;organiste et a re\u00e7u son &#171;dipl\u00f4me C&#187;. Noah fr\u00e9quente actuellement la Haute \u00c9cole d&#8217;art de Zurich. Il y \u00e9tudie la musique d&#8217;\u00e9glise sp\u00e9cialisation orgue avec Willi Tobias. Lors de son temps libre, il accompagne les ch\u0153urs de diff\u00e9rentes paroisses du Haut-Valais. Depuis 2019, il est membre de la commission des organistes et co-dirige les jungiChanteurs avec Yannick Zenh\u00e4usern.<\/p>\n<\/div>\n<\/div>\n<\/div>\n<\/div>\n<div>\n<div class=\"wp-block editor-default-block-appender\" data-root-client-id=\"\">\u00a0<\/div>\n<\/div>","protected":false},"excerpt":{"rendered":"<p>Directeur, (*2001) Noah Ambord (2001) est un jeune chef d&#8217;orchestre et organiste qui vit entre Visperterminen et Zurich. Il a termin\u00e9 le Lyc\u00e9e-Coll\u00e8ge Spiritus Sanctus en option musique et a obtenu le prix AMO pour la meilleure maturit\u00e9 musicale. De 2011 \u00e0 2021, il a \u00e9galement suivi des cours d&#8217;orgue avec Johannes Diederen. En 2015, &hellip; <\/p>\n<p class=\"link-more\"><a href=\"https:\/\/jungichanteurs.ch\/index.php\/fr\/noah-ambord-2\/\" class=\"more-link\"><span class=\"screen-reader-text\">&#171;Noah Ambord&#187;<\/span> weiterlesen<\/a><\/p>\n","protected":false},"author":1,"featured_media":0,"parent":0,"menu_order":0,"comment_status":"closed","ping_status":"closed","template":"","meta":{"footnotes":""},"class_list":["post-361","page","type-page","status-publish","hentry"],"_links":{"self":[{"href":"https:\/\/jungichanteurs.ch\/index.php\/wp-json\/wp\/v2\/pages\/361","targetHints":{"allow":["GET"]}}],"collection":[{"href":"https:\/\/jungichanteurs.ch\/index.php\/wp-json\/wp\/v2\/pages"}],"about":[{"href":"https:\/\/jungichanteurs.ch\/index.php\/wp-json\/wp\/v2\/types\/page"}],"author":[{"embeddable":true,"href":"https:\/\/jungichanteurs.ch\/index.php\/wp-json\/wp\/v2\/users\/1"}],"replies":[{"embeddable":true,"href":"https:\/\/jungichanteurs.ch\/index.php\/wp-json\/wp\/v2\/comments?post=361"}],"version-history":[{"count":13,"href":"https:\/\/jungichanteurs.ch\/index.php\/wp-json\/wp\/v2\/pages\/361\/revisions"}],"predecessor-version":[{"id":1361,"href":"https:\/\/jungichanteurs.ch\/index.php\/wp-json\/wp\/v2\/pages\/361\/revisions\/1361"}],"wp:attachment":[{"href":"https:\/\/jungichanteurs.ch\/index.php\/wp-json\/wp\/v2\/media?parent=361"}],"curies":[{"name":"wp","href":"https:\/\/api.w.org\/{rel}","templated":true}]}}