{"id":363,"date":"2018-08-01T14:46:20","date_gmt":"2018-08-01T14:46:20","guid":{"rendered":"https:\/\/jungichanteurs.ch\/?page_id=363"},"modified":"2025-05-08T19:08:29","modified_gmt":"2025-05-08T19:08:29","slug":"yannick-zenhaeusern-2","status":"publish","type":"page","link":"https:\/\/jungichanteurs.ch\/index.php\/fr\/yannick-zenhaeusern-2\/","title":{"rendered":"Yannick Zenh\u00e4usern"},"content":{"rendered":"<h1><strong>Directeur,\u00a0(*1992)<\/strong><\/h1>\n<h1 style=\"padding-top: 0px;\"><img loading=\"lazy\" decoding=\"async\" class=\"alignnone  wp-image-1097\" src=\"https:\/\/jungichanteurs.ch\/wp-content\/uploads\/2022\/09\/Kleiner-als-2500x1200px-1024x552.jpg\" alt=\"\" width=\"660\" height=\"356\" srcset=\"https:\/\/jungichanteurs.ch\/wp-content\/uploads\/2022\/09\/Kleiner-als-2500x1200px-1024x552.jpg 1024w, https:\/\/jungichanteurs.ch\/wp-content\/uploads\/2022\/09\/Kleiner-als-2500x1200px-300x162.jpg 300w, https:\/\/jungichanteurs.ch\/wp-content\/uploads\/2022\/09\/Kleiner-als-2500x1200px-768x414.jpg 768w, https:\/\/jungichanteurs.ch\/wp-content\/uploads\/2022\/09\/Kleiner-als-2500x1200px-1536x828.jpg 1536w, https:\/\/jungichanteurs.ch\/wp-content\/uploads\/2022\/09\/Kleiner-als-2500x1200px-2048x1104.jpg 2048w\" sizes=\"auto, (max-width: 660px) 100vw, 660px\" \/><\/h1>\n<p>Yannick Zenh\u00e4usern (1992) a grandi \u00e0 B\u00fcrchen, dans le Haut-Valais. En automne 2015, il a fond\u00e9 avec Madeleine Loretan le ch\u0153ur des jungiChanteurs et en 2017, a repris le ch\u0153ur de la Konzertgesellschaft Oberwallis (KO-GE) en collaboration avec Adrian Zenh\u00e4usern. Il a obtenu son master en direction de ch\u0153ur et en enseignement de la musique pour les \u00e9coles secondaires en 2018. Il a dirig\u00e9 durant cinq ans le ch\u0153ur de l&#8217;\u00e9glise de Nussbaumen et, depuis l&#8217;automne 2018, il a pris la direction du ch\u0153ur de l&#8217;\u00e9glise de Brigue.<\/p>\n<p>Yannick travaille comme enseignant \u00e0 l&#8217;Oberwalliser Mittelschule ainsi qu\u2019au Lyc\u00e9e-Coll\u00e8ge Spiritus Sanctus \u00e0 Brigue. Il participe r\u00e9guli\u00e8rement \u00e0 des master classes en direction avec entre autres Raphael Immoos, Catherine Fender, Anders Eby, Kari Turunen, Beat Sch\u00e4fer, Markus Utz et Harald Jers. Il appr\u00e9cie passer du temps avec ses amis et sa famille lors de son temps libre.<\/p>\n","protected":false},"excerpt":{"rendered":"<p>Directeur,\u00a0(*1992) Yannick Zenh\u00e4usern (1992) a grandi \u00e0 B\u00fcrchen, dans le Haut-Valais. En automne 2015, il a fond\u00e9 avec Madeleine Loretan le ch\u0153ur des jungiChanteurs et en 2017, a repris le ch\u0153ur de la Konzertgesellschaft Oberwallis (KO-GE) en collaboration avec Adrian Zenh\u00e4usern. Il a obtenu son master en direction de ch\u0153ur et en enseignement de la &hellip; <\/p>\n<p class=\"link-more\"><a href=\"https:\/\/jungichanteurs.ch\/index.php\/fr\/yannick-zenhaeusern-2\/\" class=\"more-link\"><span class=\"screen-reader-text\">&#171;Yannick Zenh\u00e4usern&#187;<\/span> weiterlesen<\/a><\/p>\n","protected":false},"author":1,"featured_media":0,"parent":0,"menu_order":0,"comment_status":"closed","ping_status":"closed","template":"","meta":{"footnotes":""},"class_list":["post-363","page","type-page","status-publish","hentry"],"_links":{"self":[{"href":"https:\/\/jungichanteurs.ch\/index.php\/wp-json\/wp\/v2\/pages\/363","targetHints":{"allow":["GET"]}}],"collection":[{"href":"https:\/\/jungichanteurs.ch\/index.php\/wp-json\/wp\/v2\/pages"}],"about":[{"href":"https:\/\/jungichanteurs.ch\/index.php\/wp-json\/wp\/v2\/types\/page"}],"author":[{"embeddable":true,"href":"https:\/\/jungichanteurs.ch\/index.php\/wp-json\/wp\/v2\/users\/1"}],"replies":[{"embeddable":true,"href":"https:\/\/jungichanteurs.ch\/index.php\/wp-json\/wp\/v2\/comments?post=363"}],"version-history":[{"count":5,"href":"https:\/\/jungichanteurs.ch\/index.php\/wp-json\/wp\/v2\/pages\/363\/revisions"}],"predecessor-version":[{"id":1362,"href":"https:\/\/jungichanteurs.ch\/index.php\/wp-json\/wp\/v2\/pages\/363\/revisions\/1362"}],"wp:attachment":[{"href":"https:\/\/jungichanteurs.ch\/index.php\/wp-json\/wp\/v2\/media?parent=363"}],"curies":[{"name":"wp","href":"https:\/\/api.w.org\/{rel}","templated":true}]}}