{"id":365,"date":"2018-08-01T15:10:49","date_gmt":"2018-08-01T15:10:49","guid":{"rendered":"https:\/\/jungichanteurs.ch\/?page_id=365"},"modified":"2019-11-11T14:03:01","modified_gmt":"2019-11-11T14:03:01","slug":"projet-2018-2019-dont-stop-us-now","status":"publish","type":"page","link":"https:\/\/jungichanteurs.ch\/index.php\/fr\/projet-2018-2019-dont-stop-us-now\/","title":{"rendered":"2018 \/ 2019 &#8211; Don\u2019t Stop Us Now!"},"content":{"rendered":"<h1 style=\"text-align: center;\"><span style=\"color: #800000;\"><strong>Don&#8217;t Stop Us Now!<\/strong><\/span><\/h1>\n<p><img loading=\"lazy\" decoding=\"async\" class=\"alignnone size-large wp-image-825\" src=\"https:\/\/jungichanteurs.ch\/wp-content\/uploads\/2019\/11\/Flyer-Dont-Stop-Us-Now-1-724x1024.jpeg\" alt=\"\" width=\"525\" height=\"743\" srcset=\"https:\/\/jungichanteurs.ch\/wp-content\/uploads\/2019\/11\/Flyer-Dont-Stop-Us-Now-1-724x1024.jpeg 724w, https:\/\/jungichanteurs.ch\/wp-content\/uploads\/2019\/11\/Flyer-Dont-Stop-Us-Now-1-212x300.jpeg 212w, https:\/\/jungichanteurs.ch\/wp-content\/uploads\/2019\/11\/Flyer-Dont-Stop-Us-Now-1-768x1086.jpeg 768w, https:\/\/jungichanteurs.ch\/wp-content\/uploads\/2019\/11\/Flyer-Dont-Stop-Us-Now-1.jpeg 1131w\" sizes=\"auto, (max-width: 525px) 100vw, 525px\" \/><\/p>\n<p>Le titre du projet pr\u00e9disait un programme all\u00e9chant : des succ\u00e8s de Queen, Bruno Mars et Aretha Franklin mais \u00e9galement des ballades envoutantes de Sam Smith, James Bay et Ed Sheeran&#8230; Voici ce que nos deux directeurs, Madeleine Loretan et Yannick Zenh\u00e4usern, nous ont propos\u00e9. La joie que procurait un tel programme aux chanteurs \u00e9tait d\u00e9j\u00e0 perceptible lors des r\u00e9p\u00e9titions. A Lo\u00e8che-les-Bains et \u00e0 Visperterminen, la h\u00e2te de voir les concerts se rapprocher \u00e9tait certes palpable. Vivre ces instants en communaut\u00e9 fut un r\u00e9el plaisir. Surtout lorsque finalement, notre groupe de musiciens ad-hoc s&#8217;est joint \u00e0 nous\u00a0; l\u2019esprit du funk atteignait son paroxysme. Le 30 mars dernier, il fut enfin temps pour nous de prendre nos quartiers dans l&#8217;\u00e9glise Ste-Catherine \u00e0 Sierre. Malgr\u00e9 la faible proportion de chanteurs Bas-valaisans, un public nombreux et enthousiaste s\u2019est laiss\u00e9 emporter par nos m\u00e9lodies. Le premier concert fut un r\u00e9el plaisir pour nous. Le lendemain, nous nous sommes retrouv\u00e9s \u00e0 l\u2019\u00e9glise St-Martin de Vi\u00e8ge, qui est, quant \u00e0 elle, bien plus grande. Cependant, celle-ci \u00e9tait particuli\u00e8rement remplie et nous avons savour\u00e9 chaque instant de ce concert final. Ce d\u00e9sir de vivre pleinement l\u2019instant pr\u00e9sent fut exacerb\u00e9 par le d\u00e9part imminent de Madeleine. Apr\u00e8s quatre ann\u00e9es de direction, ce concert \u00e9tait le dernier qu\u2019elle partageait avec nous. Nous sommes extr\u00eamement reconnaissants pour son engagement durant toutes ces ann\u00e9es et pour les pr\u00e9cieux moments que nous avons pu vivre gr\u00e2ce \u00e0 elle. Un grand merci !<\/p>\n<p>Nous aimerions remercier tous les participants qui se sont investis dans la r\u00e9ussite du projet <strong>Don&#8217;t Stop Us Now !<\/strong> Il en va de m\u00eame pour l&#8217;\u00e9quipe technique compos\u00e9e de Dominique Borriello et de Jonas Ruppen, des musiciens et de tous les chanteurs. Un remerciement particulier est adress\u00e9 aux nos commanditaires et m\u00e9c\u00e8nes, sans qui, un tel projet n&#8217;aurait pas \u00e9t\u00e9 possible. Merci beaucoup !<\/p>\n<p><img loading=\"lazy\" decoding=\"async\" class=\"size-full wp-image-255 aligncenter\" src=\"https:\/\/jungichanteurs.ch\/wp-content\/uploads\/2018\/06\/20180621_105213.gif\" alt=\"\" width=\"382\" height=\"678\" \/><\/p>\n","protected":false},"excerpt":{"rendered":"<p>Don&#8217;t Stop Us Now! Le titre du projet pr\u00e9disait un programme all\u00e9chant : des succ\u00e8s de Queen, Bruno Mars et Aretha Franklin mais \u00e9galement des ballades envoutantes de Sam Smith, James Bay et Ed Sheeran&#8230; Voici ce que nos deux directeurs, Madeleine Loretan et Yannick Zenh\u00e4usern, nous ont propos\u00e9. La joie que procurait un tel &hellip; <\/p>\n<p class=\"link-more\"><a href=\"https:\/\/jungichanteurs.ch\/index.php\/fr\/projet-2018-2019-dont-stop-us-now\/\" class=\"more-link\"><span class=\"screen-reader-text\">&#171;2018 \/ 2019 &#8211; Don\u2019t Stop Us Now!&#187;<\/span> weiterlesen<\/a><\/p>\n","protected":false},"author":1,"featured_media":0,"parent":0,"menu_order":0,"comment_status":"closed","ping_status":"closed","template":"","meta":{"footnotes":""},"class_list":["post-365","page","type-page","status-publish","hentry"],"_links":{"self":[{"href":"https:\/\/jungichanteurs.ch\/index.php\/wp-json\/wp\/v2\/pages\/365","targetHints":{"allow":["GET"]}}],"collection":[{"href":"https:\/\/jungichanteurs.ch\/index.php\/wp-json\/wp\/v2\/pages"}],"about":[{"href":"https:\/\/jungichanteurs.ch\/index.php\/wp-json\/wp\/v2\/types\/page"}],"author":[{"embeddable":true,"href":"https:\/\/jungichanteurs.ch\/index.php\/wp-json\/wp\/v2\/users\/1"}],"replies":[{"embeddable":true,"href":"https:\/\/jungichanteurs.ch\/index.php\/wp-json\/wp\/v2\/comments?post=365"}],"version-history":[{"count":7,"href":"https:\/\/jungichanteurs.ch\/index.php\/wp-json\/wp\/v2\/pages\/365\/revisions"}],"predecessor-version":[{"id":826,"href":"https:\/\/jungichanteurs.ch\/index.php\/wp-json\/wp\/v2\/pages\/365\/revisions\/826"}],"wp:attachment":[{"href":"https:\/\/jungichanteurs.ch\/index.php\/wp-json\/wp\/v2\/media?parent=365"}],"curies":[{"name":"wp","href":"https:\/\/api.w.org\/{rel}","templated":true}]}}