{"id":443,"date":"2019-02-11T09:36:19","date_gmt":"2019-02-11T09:36:19","guid":{"rendered":"https:\/\/jungichanteurs.ch\/?page_id=443"},"modified":"2020-08-04T12:03:31","modified_gmt":"2020-08-04T12:03:31","slug":"saison-2019-2020","status":"publish","type":"page","link":"https:\/\/jungichanteurs.ch\/index.php\/saison-2019-2020\/","title":{"rendered":"2019\/2020 &#8211; Dreams Come True (Walt Disney)"},"content":{"rendered":"\n<p>Liebe S\u00e4nger*innen, liebe Zuh\u00f6rer*innen<\/p>\n\n\n\n<p><strong>Leider&nbsp;m\u00fcssen&nbsp;wir&nbsp;das&nbsp;diesj\u00e4hrige&nbsp;Projekt&nbsp;absagen.<\/strong><\/p>\n\n\n\n<p>Wir bedauern sehr, dass wir die Konzerte komplett absagen m\u00fcssen. Leider haben wir nicht die M\u00f6glichkeit, das Probewochenende und die Konzerte auf einen sp\u00e4teren Zeitpunkt zu verschieben. Jedoch arbeiten wir bereits mit Hochdruck an unserem Projekt f\u00fcr das n\u00e4chste Jahr und w\u00fcrden uns nat\u00fcrlich freuen, trotzdem wieder viele Mitglieder begr\u00fcssen zu d\u00fcrfen. Wir hoffen, dass wir dann wieder wie gewohnt unsere tollen Probewochenenden durchf\u00fchren k\u00f6nnen und wieder gemeinsam singen k\u00f6nnen.<br>Bei Fragen k\u00f6nnt ihr euch gerne bei uns melden: <a href=\"mailto:info@jungichanteurs.ch\">info@jungichanteurs.ch<\/a><br>Bleibt gesund und bis bald hoffentlich!<br><br>Euer Vorstand<\/p>\n\n\n\n<p> <\/p>\n","protected":false},"excerpt":{"rendered":"<p>Liebe S\u00e4nger*innen, liebe Zuh\u00f6rer*innen Leider&nbsp;m\u00fcssen&nbsp;wir&nbsp;das&nbsp;diesj\u00e4hrige&nbsp;Projekt&nbsp;absagen. Wir bedauern sehr, dass wir die Konzerte komplett absagen m\u00fcssen. Leider haben wir nicht die M\u00f6glichkeit, das Probewochenende und die Konzerte auf einen sp\u00e4teren Zeitpunkt zu verschieben. Jedoch arbeiten wir bereits mit Hochdruck an unserem Projekt f\u00fcr das n\u00e4chste Jahr und w\u00fcrden uns nat\u00fcrlich freuen, trotzdem wieder viele Mitglieder begr\u00fcssen &hellip; <\/p>\n<p class=\"link-more\"><a href=\"https:\/\/jungichanteurs.ch\/index.php\/saison-2019-2020\/\" class=\"more-link\"><span class=\"screen-reader-text\">&#171;2019\/2020 &#8211; Dreams Come True (Walt Disney)&#187;<\/span> weiterlesen<\/a><\/p>\n","protected":false},"author":2,"featured_media":0,"parent":0,"menu_order":0,"comment_status":"closed","ping_status":"closed","template":"","meta":{"footnotes":""},"class_list":["post-443","page","type-page","status-publish","hentry"],"_links":{"self":[{"href":"https:\/\/jungichanteurs.ch\/index.php\/wp-json\/wp\/v2\/pages\/443","targetHints":{"allow":["GET"]}}],"collection":[{"href":"https:\/\/jungichanteurs.ch\/index.php\/wp-json\/wp\/v2\/pages"}],"about":[{"href":"https:\/\/jungichanteurs.ch\/index.php\/wp-json\/wp\/v2\/types\/page"}],"author":[{"embeddable":true,"href":"https:\/\/jungichanteurs.ch\/index.php\/wp-json\/wp\/v2\/users\/2"}],"replies":[{"embeddable":true,"href":"https:\/\/jungichanteurs.ch\/index.php\/wp-json\/wp\/v2\/comments?post=443"}],"version-history":[{"count":29,"href":"https:\/\/jungichanteurs.ch\/index.php\/wp-json\/wp\/v2\/pages\/443\/revisions"}],"predecessor-version":[{"id":852,"href":"https:\/\/jungichanteurs.ch\/index.php\/wp-json\/wp\/v2\/pages\/443\/revisions\/852"}],"wp:attachment":[{"href":"https:\/\/jungichanteurs.ch\/index.php\/wp-json\/wp\/v2\/media?parent=443"}],"curies":[{"name":"wp","href":"https:\/\/api.w.org\/{rel}","templated":true}]}}