{"id":61,"date":"2017-11-06T01:02:37","date_gmt":"2017-11-06T01:02:37","guid":{"rendered":"https:\/\/zejo.ch\/jungichanteurs\/wp\/?page_id=61"},"modified":"2019-03-25T11:42:36","modified_gmt":"2019-03-25T11:42:36","slug":"vergangene-projekte","status":"publish","type":"page","link":"https:\/\/jungichanteurs.ch\/index.php\/vergangene-projekte\/","title":{"rendered":"Vergangene Projekte"},"content":{"rendered":"<h1>2017 \/ 2018 &#8211; The Armed Man<\/h1>\n<p>\u00abVielf\u00e4ltig, herausfordernd, ergreifend\u00bb<\/p>\n<p>Mit diesem Titel beschrieb der Walliser Bote den Auftritt der <em>jungiChanteurs<\/em> des Projekts \u201eKarl Jenkins: The Armed Man &#8211; A Mass For Peace\u201c im La Poste Visp am Wochenende des 21. und 22. April. Auch die Konzerte in Basel am darauffolgenden Wochenende waren ein grosser Erfolg; beide Male war die Theodorskirche komplett ausverkauft. Dass es sich um ein aufw\u00e4ndiges Projekt handelt, war uns von Beginn an klar, dass aber ein solches Erlebnis daraus wurde, konnten wir erst mittendrin feststellen. Gemeinsam mit dem <em>regioChor Binningen\/Basel <\/em>und dem <em>Juventus Musica Basel<\/em> wagten sich Yannick Zenh\u00e4usern und Raphael Ilg an die Leitung dieses grossartigen Projekts. Unser Jugendchor <em>jungiChanteurs<\/em> aus dem Wallis konnte sich auf eine Teilnehmerzahl von \u00fcber 40 S\u00e4nger*innen freuen. Auch unsere beiden Partnerch\u00f6re leisteten einen grossen Anteil: Der <em>regioChor<\/em> gab dem Werk die n\u00f6tige Reife, w\u00e4hrend der <em>Juventus Musica Basel<\/em> den Chor um weitere jugendliche Stimmen erg\u00e4nzte und das Orchester zur musikalischen Unterst\u00fctzung stellte. F\u00fcr die <em>jungiChanteurs<\/em> war es ein tolles Erlebnis: An vier Wochenenden konnten wir das atemberaubende Werk von Karl Jenkins einstudieren. Das letzte dieser Probenwochenenden verbrachten wir in Basel, wo wir endlich alle Stimmen und das Orchester zusammenf\u00fchren konnten. Schon hier zeichnete sich die gelungene Zusammenarbeit ab. Die Mitglieder der unterschiedlichen Ch\u00f6re und das Orchester tauschten sich von Beginn an freundschaftlich untereinander aus.<\/p>\n<p>Dem ersten Konzertwochenende fieberten wir alle aufgeregt entgegen. Das Orchester er\u00f6ffnete mit den Werken \u201eLament for the Valley\u201c und dem dreis\u00e4tzigen Werk \u201ePalladio\u201c f\u00fcr Streichorchester. Schliesslich marschierte der gesamte Chor auf die B\u00fchne und liess das erste St\u00fcck des Antikriegwerks erklingen. \u201eL\u2019homme arm\u00e9 doit on douter\u201c, so heisst es zu Beginn des Werks. \u201eThe Armed Man\u201c deckt das grausame Geschehen von Krieg auf und appelliert an alle, sich f\u00fcr den Frieden einzusetzen. Die Darstellungen des Kriegsgeschehens finden im \u201eCharge!\u201c seinen H\u00f6hepunkt, auf den direkt die Bilder der Verw\u00fcstung folgen. So beschreibt \u201eAngry Flames\u201c die verheerenden Folgen der Atombombe in Hiroschima. Den Schluss des Werks bildet das zukunftsgerichtete Lied \u201eBetter Is Peace Than Always War\u201c und der Choral, der an Christus\u2019 Opfer erinnert. Es bereitete uns eine grosse Freude, dieses ergreifende und stets aktuelles Werk singen zu d\u00fcrfen. Diese Emotionen scheinen auf das Publikum gewirkt zu haben, so steht im Artikel des Walliser Botens: \u201eDer Chor zeigt sich gut geprobt, begeistert singend und den Weisungen des Dirigenten sensibel folgend.\u201c<\/p>\n<p>Die <em>jungiChanteurs<\/em> konnten jedoch dieses Projekt nur durch die grosse Unterst\u00fctzung aus dem Wallis verwirklichen. So m\u00f6chten wir allen Sponsoren und G\u00f6nnern f\u00fcr die grossz\u00fcgige finanzielle Unterst\u00fctzung danken. Auch m\u00f6chten wir den zahlreichen Personen danken, durch die wir unser Crowdfunding erfolgreich durchf\u00fchren konnten. Des Weiteren m\u00f6chten wir uns f\u00fcr die gelungene Zusammenarbeit bedanken, einerseits beim <em>Juventus Musica Basel <\/em>und dem <em>regioChor Binningen\/Basel<\/em> sowie auch allen Mitwirkenden, die viel Energie und Einsatz in dieses Grossprojekt gesteckt haben.<\/p>\n<p>Herzlichen Dank!<br \/>\njungiChanteurs<\/p>\n","protected":false},"excerpt":{"rendered":"<p>2017 \/ 2018 &#8211; The Armed Man \u00abVielf\u00e4ltig, herausfordernd, ergreifend\u00bb Mit diesem Titel beschrieb der Walliser Bote den Auftritt der jungiChanteurs des Projekts \u201eKarl Jenkins: The Armed Man &#8211; A Mass For Peace\u201c im La Poste Visp am Wochenende des 21. und 22. April. Auch die Konzerte in Basel am darauffolgenden Wochenende waren ein grosser &hellip; <\/p>\n<p class=\"link-more\"><a href=\"https:\/\/jungichanteurs.ch\/index.php\/vergangene-projekte\/\" class=\"more-link\"><span class=\"screen-reader-text\">&#171;Vergangene Projekte&#187;<\/span> weiterlesen<\/a><\/p>\n","protected":false},"author":1,"featured_media":301,"parent":0,"menu_order":0,"comment_status":"closed","ping_status":"closed","template":"","meta":{"footnotes":""},"class_list":["post-61","page","type-page","status-publish","has-post-thumbnail","hentry"],"_links":{"self":[{"href":"https:\/\/jungichanteurs.ch\/index.php\/wp-json\/wp\/v2\/pages\/61","targetHints":{"allow":["GET"]}}],"collection":[{"href":"https:\/\/jungichanteurs.ch\/index.php\/wp-json\/wp\/v2\/pages"}],"about":[{"href":"https:\/\/jungichanteurs.ch\/index.php\/wp-json\/wp\/v2\/types\/page"}],"author":[{"embeddable":true,"href":"https:\/\/jungichanteurs.ch\/index.php\/wp-json\/wp\/v2\/users\/1"}],"replies":[{"embeddable":true,"href":"https:\/\/jungichanteurs.ch\/index.php\/wp-json\/wp\/v2\/comments?post=61"}],"version-history":[{"count":9,"href":"https:\/\/jungichanteurs.ch\/index.php\/wp-json\/wp\/v2\/pages\/61\/revisions"}],"predecessor-version":[{"id":488,"href":"https:\/\/jungichanteurs.ch\/index.php\/wp-json\/wp\/v2\/pages\/61\/revisions\/488"}],"wp:featuredmedia":[{"embeddable":true,"href":"https:\/\/jungichanteurs.ch\/index.php\/wp-json\/wp\/v2\/media\/301"}],"wp:attachment":[{"href":"https:\/\/jungichanteurs.ch\/index.php\/wp-json\/wp\/v2\/media?parent=61"}],"curies":[{"name":"wp","href":"https:\/\/api.w.org\/{rel}","templated":true}]}}