{"id":686,"date":"2019-04-08T11:48:33","date_gmt":"2019-04-08T11:48:33","guid":{"rendered":"https:\/\/jungichanteurs.ch\/?page_id=686"},"modified":"2020-08-04T14:17:00","modified_gmt":"2020-08-04T14:17:00","slug":"saison-2019-2020-2","status":"publish","type":"page","link":"https:\/\/jungichanteurs.ch\/index.php\/fr\/saison-2019-2020-2\/","title":{"rendered":"2019\/2020 &#8211; ACF \/ Dreams Come True"},"content":{"rendered":"\n<p>Chers chanteurs<\/p>\n\n\n\n<p><strong>Nous regrettons devoir annuler les concerts pr\u00e9vus au mois d&#8217;avril en raison du COVID-19. <\/strong><\/p>\n\n\n\n<p>Malheureusement, pour des raisons administratives, il nous est impossible de reporter le second week-end de r\u00e9p\u00e9tition ainsi que les concerts pr\u00e9vus \u00e0 une date ult\u00e9rieure. Cependant, nous travaillons d\u00e9j\u00e0 d&#8217;arrache-pied pour finaliser notre nouveau projet et serions heureux de vous accueillir parmi nous. Nous esp\u00e9rons d&#8217;ici-l\u00e0 lors que tout rentrera dans l&#8217;ordre et que que nous pourrons \u00e0 nouveau reprendre les r\u00e9p\u00e9titions ensemble.<br> <\/p>\n\n\n\n<p>Si vous avez des questions, n&#8217;h\u00e9sitez pas \u00e0 nous contacter : info@jungichanteurs.ch<br> Prenez soin de vous et \u00e0 bient\u00f4t !<\/p>\n\n\n\n<p>Votre comit\u00e9<\/p>\n\n\n\n<p><\/p>\n\n\n\n<p><\/p>\n","protected":false},"excerpt":{"rendered":"<p>Chers chanteurs Nous regrettons devoir annuler les concerts pr\u00e9vus au mois d&#8217;avril en raison du COVID-19. Malheureusement, pour des raisons administratives, il nous est impossible de reporter le second week-end de r\u00e9p\u00e9tition ainsi que les concerts pr\u00e9vus \u00e0 une date ult\u00e9rieure. Cependant, nous travaillons d\u00e9j\u00e0 d&#8217;arrache-pied pour finaliser notre nouveau projet et serions heureux de &hellip; <\/p>\n<p class=\"link-more\"><a href=\"https:\/\/jungichanteurs.ch\/index.php\/fr\/saison-2019-2020-2\/\" class=\"more-link\"><span class=\"screen-reader-text\">&#171;2019\/2020 &#8211; ACF \/ Dreams Come True&#187;<\/span> weiterlesen<\/a><\/p>\n","protected":false},"author":2,"featured_media":0,"parent":0,"menu_order":0,"comment_status":"closed","ping_status":"closed","template":"","meta":{"footnotes":""},"class_list":["post-686","page","type-page","status-publish","hentry"],"_links":{"self":[{"href":"https:\/\/jungichanteurs.ch\/index.php\/wp-json\/wp\/v2\/pages\/686","targetHints":{"allow":["GET"]}}],"collection":[{"href":"https:\/\/jungichanteurs.ch\/index.php\/wp-json\/wp\/v2\/pages"}],"about":[{"href":"https:\/\/jungichanteurs.ch\/index.php\/wp-json\/wp\/v2\/types\/page"}],"author":[{"embeddable":true,"href":"https:\/\/jungichanteurs.ch\/index.php\/wp-json\/wp\/v2\/users\/2"}],"replies":[{"embeddable":true,"href":"https:\/\/jungichanteurs.ch\/index.php\/wp-json\/wp\/v2\/comments?post=686"}],"version-history":[{"count":17,"href":"https:\/\/jungichanteurs.ch\/index.php\/wp-json\/wp\/v2\/pages\/686\/revisions"}],"predecessor-version":[{"id":890,"href":"https:\/\/jungichanteurs.ch\/index.php\/wp-json\/wp\/v2\/pages\/686\/revisions\/890"}],"wp:attachment":[{"href":"https:\/\/jungichanteurs.ch\/index.php\/wp-json\/wp\/v2\/media?parent=686"}],"curies":[{"name":"wp","href":"https:\/\/api.w.org\/{rel}","templated":true}]}}