{"id":853,"date":"2020-08-04T12:28:20","date_gmt":"2020-08-04T12:28:20","guid":{"rendered":"https:\/\/jungichanteurs.ch\/?page_id=853"},"modified":"2022-04-08T07:27:38","modified_gmt":"2022-04-08T07:27:38","slug":"2020-2021-dreams-come-true-walt-disney-revival","status":"publish","type":"page","link":"https:\/\/jungichanteurs.ch\/index.php\/2020-2021-dreams-come-true-walt-disney-revival\/","title":{"rendered":"2020\/2021 &#8211; Dreams Come True (Walt Disney Revival)"},"content":{"rendered":"\n<p><strong>Leider\u00a0m\u00fcssen\u00a0wir\u00a0auch das\u00a0diesj\u00e4hrige\u00a0Projekt\u00a0absagen.<\/strong><\/p>\n\n\n\n<p>Wir bedauern sehr, dass wir die Konzerte vorerst komplett absagen m\u00fcssen. <\/p>\n\n\n\n<p><strong>Das Projekt wurde auf die Saison 2021\/2022 verschoben.<\/strong><\/p>\n\n\n\n<p>Wir arbeiten bereits mit Hochdruck an unserem Projekt f\u00fcr das n\u00e4chste Jahr und w\u00fcrden uns nat\u00fcrlich freuen, trotzdem wieder viele Mitglieder begr\u00fcssen zu d\u00fcrfen. Wir hoffen, dass wir dann wieder wie gewohnt unsere tollen Probewochenenden durchf\u00fchren k\u00f6nnen und wieder gemeinsam singen k\u00f6nnen.<br>Bei Fragen k\u00f6nnt ihr euch gerne bei uns melden:\u00a0<a href=\"mailto:info@jungichanteurs.ch\">info@jungichanteurs.ch<\/a><br>Bleibt gesund und bis bald hoffentlich!<\/p>\n\n\n\n<p>Euer Vorstand<\/p>\n","protected":false},"excerpt":{"rendered":"<p>Leider\u00a0m\u00fcssen\u00a0wir\u00a0auch das\u00a0diesj\u00e4hrige\u00a0Projekt\u00a0absagen. Wir bedauern sehr, dass wir die Konzerte vorerst komplett absagen m\u00fcssen. Das Projekt wurde auf die Saison 2021\/2022 verschoben. Wir arbeiten bereits mit Hochdruck an unserem Projekt f\u00fcr das n\u00e4chste Jahr und w\u00fcrden uns nat\u00fcrlich freuen, trotzdem wieder viele Mitglieder begr\u00fcssen zu d\u00fcrfen. Wir hoffen, dass wir dann wieder wie gewohnt unsere tollen &hellip; <\/p>\n<p class=\"link-more\"><a href=\"https:\/\/jungichanteurs.ch\/index.php\/2020-2021-dreams-come-true-walt-disney-revival\/\" class=\"more-link\"><span class=\"screen-reader-text\">&#171;2020\/2021 &#8211; Dreams Come True (Walt Disney Revival)&#187;<\/span> weiterlesen<\/a><\/p>\n","protected":false},"author":2,"featured_media":0,"parent":0,"menu_order":0,"comment_status":"closed","ping_status":"closed","template":"","meta":{"footnotes":""},"class_list":["post-853","page","type-page","status-publish","hentry"],"_links":{"self":[{"href":"https:\/\/jungichanteurs.ch\/index.php\/wp-json\/wp\/v2\/pages\/853","targetHints":{"allow":["GET"]}}],"collection":[{"href":"https:\/\/jungichanteurs.ch\/index.php\/wp-json\/wp\/v2\/pages"}],"about":[{"href":"https:\/\/jungichanteurs.ch\/index.php\/wp-json\/wp\/v2\/types\/page"}],"author":[{"embeddable":true,"href":"https:\/\/jungichanteurs.ch\/index.php\/wp-json\/wp\/v2\/users\/2"}],"replies":[{"embeddable":true,"href":"https:\/\/jungichanteurs.ch\/index.php\/wp-json\/wp\/v2\/comments?post=853"}],"version-history":[{"count":7,"href":"https:\/\/jungichanteurs.ch\/index.php\/wp-json\/wp\/v2\/pages\/853\/revisions"}],"predecessor-version":[{"id":1024,"href":"https:\/\/jungichanteurs.ch\/index.php\/wp-json\/wp\/v2\/pages\/853\/revisions\/1024"}],"wp:attachment":[{"href":"https:\/\/jungichanteurs.ch\/index.php\/wp-json\/wp\/v2\/media?parent=853"}],"curies":[{"name":"wp","href":"https:\/\/api.w.org\/{rel}","templated":true}]}}