{"id":871,"date":"2020-08-04T13:21:14","date_gmt":"2020-08-04T13:21:14","guid":{"rendered":"https:\/\/jungichanteurs.ch\/?page_id=871"},"modified":"2021-09-06T12:41:40","modified_gmt":"2021-09-06T12:41:40","slug":"2020-2021-dreams-come-true-revival","status":"publish","type":"page","link":"https:\/\/jungichanteurs.ch\/index.php\/fr\/2020-2021-dreams-come-true-revival\/","title":{"rendered":"2020\/2021 &#8211; Dreams Come True &#8211; Revival"},"content":{"rendered":"\n<h2 class=\"wp-block-heading\">Le projet a \u00e9t\u00e9 report\u00e9 !<\/h2>\n\n\n\n<p>Nous sommes heureux de vous annoncer la relance de notre projet 2019-2020.<\/p>\n\n\n\n<p>En effet, il aurait \u00e9t\u00e9 vraiment dommage d&#8217;abandonner un projet pour lequel nous avions d\u00e9j\u00e0 investi plusieurs heures de r\u00e9p\u00e9tition. Le comit\u00e9 s&#8217;est donc r\u00e9uni et a d\u00e9cid\u00e9 de <strong>relancer le projet Walt Disney <\/strong>! De plus, le programme de cette ann\u00e9e comprendra une petite partie de celui de 2021\/2022. C&#8217;est en participant que vous d\u00e9couvrirez de quoi il s&#8217;agira \ud83d\ude09<\/p>\n\n\n\n<p>M\u00eame si une reprise est annonc\u00e9e, nous l&#8217;abordons avec prudence en raison de la situation li\u00e9e au COVID-19. C&#8217;est pourquoi les week-ends de r\u00e9p\u00e9tition n&#8217;auront pas lieu avant f\u00e9vrier 2021. Si la situation l&#8217;exige, des mesures en cons\u00e9quence seront prises. Nous vous demandons donc d&#8217;\u00eatre patients et de prendre d\u00e9j\u00e0 note des dates importantes (que vous trouverez \u00e9galement dans le calendrier):<\/p>\n\n\n\n<div class=\"wp-block-group\"><div class=\"wp-block-group__inner-container is-layout-flow wp-block-group-is-layout-flow\">\n<div class=\"wp-block-group\"><div class=\"wp-block-group__inner-container is-layout-flow wp-block-group-is-layout-flow\">\n<div class=\"wp-block-group is-layout-flow wp-block-group-is-layout-flow\"><div class=\"wp-block-group__inner-container\"><\/div><\/div>\n<\/div><\/div>\n<\/div><\/div>\n\n\n\n<p>D&#8217;ici-l\u00e0, prenez soin de vous et nous nous r\u00e9jouissons de vous accueillir dans cette nouvelle aventure ! <\/p>\n\n\n\n<p>Votre comit\u00e9 <\/p>\n","protected":false},"excerpt":{"rendered":"<p>Le projet a \u00e9t\u00e9 report\u00e9 ! Nous sommes heureux de vous annoncer la relance de notre projet 2019-2020. En effet, il aurait \u00e9t\u00e9 vraiment dommage d&#8217;abandonner un projet pour lequel nous avions d\u00e9j\u00e0 investi plusieurs heures de r\u00e9p\u00e9tition. Le comit\u00e9 s&#8217;est donc r\u00e9uni et a d\u00e9cid\u00e9 de relancer le projet Walt Disney ! De plus, &hellip; <\/p>\n<p class=\"link-more\"><a href=\"https:\/\/jungichanteurs.ch\/index.php\/fr\/2020-2021-dreams-come-true-revival\/\" class=\"more-link\"><span class=\"screen-reader-text\">&#171;2020\/2021 &#8211; Dreams Come True &#8211; Revival&#187;<\/span> weiterlesen<\/a><\/p>\n","protected":false},"author":2,"featured_media":0,"parent":0,"menu_order":0,"comment_status":"closed","ping_status":"closed","template":"","meta":{"footnotes":""},"class_list":["post-871","page","type-page","status-publish","hentry"],"_links":{"self":[{"href":"https:\/\/jungichanteurs.ch\/index.php\/wp-json\/wp\/v2\/pages\/871","targetHints":{"allow":["GET"]}}],"collection":[{"href":"https:\/\/jungichanteurs.ch\/index.php\/wp-json\/wp\/v2\/pages"}],"about":[{"href":"https:\/\/jungichanteurs.ch\/index.php\/wp-json\/wp\/v2\/types\/page"}],"author":[{"embeddable":true,"href":"https:\/\/jungichanteurs.ch\/index.php\/wp-json\/wp\/v2\/users\/2"}],"replies":[{"embeddable":true,"href":"https:\/\/jungichanteurs.ch\/index.php\/wp-json\/wp\/v2\/comments?post=871"}],"version-history":[{"count":10,"href":"https:\/\/jungichanteurs.ch\/index.php\/wp-json\/wp\/v2\/pages\/871\/revisions"}],"predecessor-version":[{"id":948,"href":"https:\/\/jungichanteurs.ch\/index.php\/wp-json\/wp\/v2\/pages\/871\/revisions\/948"}],"wp:attachment":[{"href":"https:\/\/jungichanteurs.ch\/index.php\/wp-json\/wp\/v2\/media?parent=871"}],"curies":[{"name":"wp","href":"https:\/\/api.w.org\/{rel}","templated":true}]}}