{"id":917,"date":"2021-04-28T13:17:32","date_gmt":"2021-04-28T13:17:32","guid":{"rendered":"https:\/\/jungichanteurs.ch\/?page_id=917"},"modified":"2022-07-26T19:45:47","modified_gmt":"2022-07-26T19:45:47","slug":"2021-2022-dreams-come-true-walt-disney-3-0","status":"publish","type":"page","link":"https:\/\/jungichanteurs.ch\/index.php\/2021-2022-dreams-come-true-walt-disney-3-0\/","title":{"rendered":"2021\/2022 &#8211; Dreams Come True (Walt Disney 3.0)"},"content":{"rendered":"\n<p>2019 begannen wir, das Projekt Dreams Come True zu planen. Im Jahr 2020 kam COVID-19 mit dem Lockdown. So mussten wir unser Konzert vorerst absagen und auf die n\u00e4chste Saison verschieben. Jedoch war auch die n\u00e4chste Saison bestimmt von Corona. So sehr, dass wir auch dieses Konzert verschieben mussten. Im Jahr 2021 schien sich alles etwas zu normalisieren. Dennoch bangten wir aufgrund der immer schlimmer werdenden Corona-Situation in der Schweiz im Dezember 2021 um unser Projekt.<\/p>\n\n\n\n<p>Dank strengem Corona-Schutzkonzept und den aktuellen Regelungen des Bundes konnten wir dennoch im Januar 2022 mit dem Projekt starten. Ein erstes gemeinsames Wochenende im Kiental nach langen drei Jahren. Im Chor war zu sp\u00fcren, wie dringend n\u00f6tig wir es hatten, weniger gesanglich, jedoch mehr als eine Art Auszeit vom Corona-Alltag. Wie gewohnt f\u00fchrten wir somit auch unser zweites Probewochenende im Februar durch. Mit einem straffen Chorprogramm und gem\u00fctlichen Teilen am Abend liessen wir das Probewochenende am Sonntag ausklingen.<\/p>\n\n\n\n<figure class=\"wp-block-image size-large is-resized is-style-rounded\"><img loading=\"lazy\" decoding=\"async\" src=\"https:\/\/jungichanteurs.ch\/wp-content\/uploads\/2022\/07\/IMG-20220404-WA0009-1024x768.jpg\" alt=\"\" class=\"wp-image-1053\" width=\"674\" height=\"505\" srcset=\"https:\/\/jungichanteurs.ch\/wp-content\/uploads\/2022\/07\/IMG-20220404-WA0009-1024x768.jpg 1024w, https:\/\/jungichanteurs.ch\/wp-content\/uploads\/2022\/07\/IMG-20220404-WA0009-300x225.jpg 300w, https:\/\/jungichanteurs.ch\/wp-content\/uploads\/2022\/07\/IMG-20220404-WA0009-768x576.jpg 768w, https:\/\/jungichanteurs.ch\/wp-content\/uploads\/2022\/07\/IMG-20220404-WA0009-1536x1152.jpg 1536w, https:\/\/jungichanteurs.ch\/wp-content\/uploads\/2022\/07\/IMG-20220404-WA0009.jpg 2016w\" sizes=\"auto, (max-width: 674px) 100vw, 674px\" \/><\/figure>\n\n\n\n<p>Kaum ein Monat sp\u00e4ter folgte die letzte Probe. Am Nachmittag stiess die Band (Sarah Brunner am Klavier, Beat Jaggy am Schlagzeug und Aron Salzmann am E-Bass) dazu, welche erneut einen grossen Aufschwung gab. Insgesamt f\u00fcnf Tage an intensiven Proben trugen nun ihre Fr\u00fcchte: Die Konzerte k\u00f6nnen kommen!<\/p>\n\n\n\n<p>Am 02. Und 03. April war es so weit: Die Konzerte in Visperterminen und Sitten standen vor der T\u00fcr. Alle pr\u00e4chtig als Disneycharakter gekleidet, gaben wir in einer gut besetzten Kirche in Visperterminen unser Bestes. In einem gut einst\u00fcndigen Konzert beschallten wir mit Titeln aus den Filmen wie 101 Dalmatiner, Tarzan, Mulan, Moana, Lion King und vielen weiteren unsere Zuh\u00f6rer. Ein paar \u201eShoweinlagen\u201c durften nicht fehlen und gaben den Zuh\u00f6rern das Gef\u00fchl, selbst gleich mitsingen und -tanzen zu wollen. Nicht zu vergessen sind die verschiedenen gro\u00dfartigen Solostimmen welche direkt aus dem Chor kamen. Ein Highlight bildete <em>I\u2019ll make a Man out of you <\/em>aus dem Film <em>Mulan. <\/em>Auch in Sitten f\u00fchrten wir ein ebenso erfolgreiches Konzert durch. Wir konnten dank einem grossartigen Publikum eine grossartige Konzertatmosph\u00e4re schaffen. Beide Konzerte wurden mit ausgiebigem Beifall belohnt.<\/p>\n\n\n\n<figure class=\"wp-block-image size-large is-style-rounded\"><img loading=\"lazy\" decoding=\"async\" width=\"768\" height=\"1024\" src=\"https:\/\/jungichanteurs.ch\/wp-content\/uploads\/2022\/07\/IMG-20220404-WA0007-768x1024.jpg\" alt=\"\" class=\"wp-image-1068\" srcset=\"https:\/\/jungichanteurs.ch\/wp-content\/uploads\/2022\/07\/IMG-20220404-WA0007-768x1024.jpg 768w, https:\/\/jungichanteurs.ch\/wp-content\/uploads\/2022\/07\/IMG-20220404-WA0007-225x300.jpg 225w, https:\/\/jungichanteurs.ch\/wp-content\/uploads\/2022\/07\/IMG-20220404-WA0007-1152x1536.jpg 1152w, https:\/\/jungichanteurs.ch\/wp-content\/uploads\/2022\/07\/IMG-20220404-WA0007.jpg 1512w\" sizes=\"auto, (max-width: 767px) 89vw, (max-width: 1000px) 54vw, (max-width: 1071px) 543px, 580px\" \/><\/figure>\n\n\n\n<p>Wir danken all unseren Chormitgliedern, dem Vorstand, der Band und nicht zu vergessen unseren Sponsoren, ohne die ein Gelingen unserer Projekte nicht m\u00f6glich w\u00e4re. Wir freuen uns aufs n\u00e4chste Projekt!<\/p>\n","protected":false},"excerpt":{"rendered":"<p>2019 begannen wir, das Projekt Dreams Come True zu planen. Im Jahr 2020 kam COVID-19 mit dem Lockdown. So mussten wir unser Konzert vorerst absagen und auf die n\u00e4chste Saison verschieben. Jedoch war auch die n\u00e4chste Saison bestimmt von Corona. So sehr, dass wir auch dieses Konzert verschieben mussten. Im Jahr 2021 schien sich alles &hellip; <\/p>\n<p class=\"link-more\"><a href=\"https:\/\/jungichanteurs.ch\/index.php\/2021-2022-dreams-come-true-walt-disney-3-0\/\" class=\"more-link\"><span class=\"screen-reader-text\">&#171;2021\/2022 &#8211; Dreams Come True (Walt Disney 3.0)&#187;<\/span> weiterlesen<\/a><\/p>\n","protected":false},"author":2,"featured_media":0,"parent":0,"menu_order":0,"comment_status":"closed","ping_status":"closed","template":"","meta":{"footnotes":""},"class_list":["post-917","page","type-page","status-publish","hentry"],"_links":{"self":[{"href":"https:\/\/jungichanteurs.ch\/index.php\/wp-json\/wp\/v2\/pages\/917","targetHints":{"allow":["GET"]}}],"collection":[{"href":"https:\/\/jungichanteurs.ch\/index.php\/wp-json\/wp\/v2\/pages"}],"about":[{"href":"https:\/\/jungichanteurs.ch\/index.php\/wp-json\/wp\/v2\/types\/page"}],"author":[{"embeddable":true,"href":"https:\/\/jungichanteurs.ch\/index.php\/wp-json\/wp\/v2\/users\/2"}],"replies":[{"embeddable":true,"href":"https:\/\/jungichanteurs.ch\/index.php\/wp-json\/wp\/v2\/comments?post=917"}],"version-history":[{"count":19,"href":"https:\/\/jungichanteurs.ch\/index.php\/wp-json\/wp\/v2\/pages\/917\/revisions"}],"predecessor-version":[{"id":1085,"href":"https:\/\/jungichanteurs.ch\/index.php\/wp-json\/wp\/v2\/pages\/917\/revisions\/1085"}],"wp:attachment":[{"href":"https:\/\/jungichanteurs.ch\/index.php\/wp-json\/wp\/v2\/media?parent=917"}],"curies":[{"name":"wp","href":"https:\/\/api.w.org\/{rel}","templated":true}]}}