{"id":950,"date":"2021-09-06T12:45:12","date_gmt":"2021-09-06T12:45:12","guid":{"rendered":"https:\/\/jungichanteurs.ch\/?page_id=950"},"modified":"2021-12-16T15:32:51","modified_gmt":"2021-12-16T15:32:51","slug":"2021-2022-dreams-come-true-3-0","status":"publish","type":"page","link":"https:\/\/jungichanteurs.ch\/index.php\/fr\/2021-2022-dreams-come-true-3-0\/","title":{"rendered":"2021\/2022 &#8211; Dreams Come True 3.0"},"content":{"rendered":"\n<p>&#171;Jamais deux sans trois&#187; ! Remplis d&#8217;espoir, nous n&#8217;avons pas baiss\u00e9 les bras et d\u00e9cid\u00e9 de relancer le projet une fois de plus car celui-ci nous tenait tout simplement \u00e0 c\u0153ur !<\/p>\n\n\n\n<p>Il serait tout de m\u00eame dommage d&#8217;abandonner en si bon chemin, apr\u00e8s tant d&#8217;heures de r\u00e9p\u00e9tition. Le comit\u00e9 s&#8217;est donc r\u00e9uni et a pris la d\u00e9cision de remettre le projet Dreams Come True sur les rails.  De plus, nous y ajouterons une petite partie de notre prochain programme pr\u00e9vu pour l&#8217;ann\u00e9e 2022\/2023. Cependant, vous en saurez seulement plus en participant.<\/p>\n\n\n\n<p>Dates du projet :<\/p>\n\n\n\n<p>1er week-end de r\u00e9p\u00e9tition : 14-16 janvier 2022<br>2e week-end de r\u00e9p\u00e9tition : 11-13 f\u00e9vrier 2022<br>Journ\u00e9e de r\u00e9p\u00e9tition : 26 mars 2022<br>Concerts : 2-3 avril 2022<\/p>\n\n\n\n<p>Un concept de protection a du \u00eatre mis en place afin de respecter les consignes sanitaires et assurer un environnement s\u00e9curis\u00e9 pour tous les chanteurs. Un certificat COVID valable sera exig\u00e9 pour toutes les dates mentionn\u00e9es ci-dessus. Si la situation devait se d\u00e9t\u00e9riorer, nous prendrons des mesures en cons\u00e9quence. Nous vous remercions donc pour votre patience et indulgence. <\/p>\n\n\n\n<p>Puissions-nous encore faire de ce r\u00eave une r\u00e9alit\u00e9 !<br>Nous vous souhaitons \u00e0 tous le meilleur, une bonne sant\u00e9 et esp\u00e9rons vous voir bient\u00f4t !<\/p>\n","protected":false},"excerpt":{"rendered":"<p>&#171;Jamais deux sans trois&#187; ! Remplis d&#8217;espoir, nous n&#8217;avons pas baiss\u00e9 les bras et d\u00e9cid\u00e9 de relancer le projet une fois de plus car celui-ci nous tenait tout simplement \u00e0 c\u0153ur ! Il serait tout de m\u00eame dommage d&#8217;abandonner en si bon chemin, apr\u00e8s tant d&#8217;heures de r\u00e9p\u00e9tition. Le comit\u00e9 s&#8217;est donc r\u00e9uni et a &hellip; <\/p>\n<p class=\"link-more\"><a href=\"https:\/\/jungichanteurs.ch\/index.php\/fr\/2021-2022-dreams-come-true-3-0\/\" class=\"more-link\"><span class=\"screen-reader-text\">&#171;2021\/2022 &#8211; Dreams Come True 3.0&#187;<\/span> weiterlesen<\/a><\/p>\n","protected":false},"author":2,"featured_media":0,"parent":0,"menu_order":0,"comment_status":"closed","ping_status":"closed","template":"","meta":{"footnotes":""},"class_list":["post-950","page","type-page","status-publish","hentry"],"_links":{"self":[{"href":"https:\/\/jungichanteurs.ch\/index.php\/wp-json\/wp\/v2\/pages\/950","targetHints":{"allow":["GET"]}}],"collection":[{"href":"https:\/\/jungichanteurs.ch\/index.php\/wp-json\/wp\/v2\/pages"}],"about":[{"href":"https:\/\/jungichanteurs.ch\/index.php\/wp-json\/wp\/v2\/types\/page"}],"author":[{"embeddable":true,"href":"https:\/\/jungichanteurs.ch\/index.php\/wp-json\/wp\/v2\/users\/2"}],"replies":[{"embeddable":true,"href":"https:\/\/jungichanteurs.ch\/index.php\/wp-json\/wp\/v2\/comments?post=950"}],"version-history":[{"count":12,"href":"https:\/\/jungichanteurs.ch\/index.php\/wp-json\/wp\/v2\/pages\/950\/revisions"}],"predecessor-version":[{"id":1010,"href":"https:\/\/jungichanteurs.ch\/index.php\/wp-json\/wp\/v2\/pages\/950\/revisions\/1010"}],"wp:attachment":[{"href":"https:\/\/jungichanteurs.ch\/index.php\/wp-json\/wp\/v2\/media?parent=950"}],"curies":[{"name":"wp","href":"https:\/\/api.w.org\/{rel}","templated":true}]}}